{"id":2518,"date":"2021-07-29T20:31:53","date_gmt":"2021-07-30T00:31:53","guid":{"rendered":"https:\/\/www.veenago.com\/slurrrrp\/?page_id=2518"},"modified":"2025-02-23T11:17:54","modified_gmt":"2025-02-23T16:17:54","slug":"details-cours-en-ligne","status":"publish","type":"page","link":"https:\/\/www.veenago.com\/slurrrrp\/details-cours-en-ligne\/","title":{"rendered":"D\u00e9tails des cours en ligne"},"content":{"rendered":"<p>[vc_row][vc_column][vc_empty_space][\/vc_column][\/vc_row][vc_row][vc_column width=&#8221;1\/4&#8243;][vc_single_image image=&#8221;1414&#8243; img_size=&#8221;full&#8221; alignment=&#8221;center&#8221; css_animation=&#8221;fadeInUp&#8221;][vc_single_image image=&#8221;1305&#8243; img_size=&#8221;medium&#8221; alignment=&#8221;center&#8221; css_animation=&#8221;fadeInUp&#8221;][\/vc_column][vc_column width=&#8221;1\/2&#8243;][vc_column_text]<\/p>\n<p>La cuisine indienne a le plus d&#8217;options v\u00e9g\u00e9tariennes au monde. V\u00e9g\u00e9tarien indien = une alimentation \u00e9quilibr\u00e9e et d\u00e9licieuse.<\/p>\n<p>Apprenez des plats v\u00e9g\u00e9tariens de toute l&#8217;Inde : des caris classiques, des plats typiques trouv\u00e9s dans les restaurants occidentaux qui viennent en g\u00e9n\u00e9ral du nord de l&#8217;Inde, de la cuisine de rue, et des plats r\u00e9gionaux du sud, de l&#8217;ouest et de l&#8217;est de l&#8217;Inde. Les <strong>menus sont simples, \u00e9conomiques et sains<\/strong>, et j&#8217;utilise des ingr\u00e9dients locaux comme le chou fris\u00e9 et le brocoli. <strong>Je ne fais jamais de compromis sur le go\u00fbt<\/strong>! Et <a href=\"https:\/\/photos.google.com\/share\/AF1QipPY24yRJ9d3lbcOPyK2UWoxXPQ4kponHJI_ulEfOayW8sHRQxy_-l0gbN_x6LBLSw?key=RENGanNqVTJfZ3VzRHBMaTFSMWNxLU4ycGhVVkJB\">voici<\/a> \u00e0 quoi ressemble la nourriture.<\/p>\n<p><strong><em>Bonne nouvelle<\/em><\/strong> : les \u00e9pices indiennes que vous achetez se conservent un an et vous pouvez \u00e9galement les saupoudrer sur d&#8217;autres aliments et vous amuser.<\/p>\n<p><strong>Temps et co\u00fbt<\/strong> : Dans un cours de 2 heures vous apprendrez 2 plats et obtiendrez une 3e recette \u00e0 pr\u00e9parer vous-m\u00eame *<strong>La taxe est incluse dans ces prix. Deux\u00a0personnes maximum peuvent participer \u00e0 une emplacement.<\/strong><\/p>\n<ul>\n<li>Le co\u00fbt est de 150 $ canadiens* pour un emplacement.<\/li>\n<li>140 $ pour chaque emplacement s&#8217;il y a minimum de 2 emplacements.<\/li>\n<li>Les emplacements maximum sont 3.<\/li>\n<\/ul>\n<p><em><strong>Avec un cours en ligne, vous pourriez cuisiner avec un ami (e) ou un membre de votre famille dans une autre ville ou m\u00eame dans un autre pays !<\/strong><\/em><\/p>\n<ul>\n<li>Calculez l&#8217;\u00e9quivalent dans la devise de votre pays pour l&#8217;Europe, les \u00c9tats-Unis, etc.<\/li>\n<\/ul>\n<p>Veuillez me contacter pour discuter des d\u00e9monstrations de cuisine ou d&#8217;autres formats et tailles de cours.<\/p>\n<p><u>Comment \u00e7a fonctionne:<\/u><\/p>\n<ol>\n<li>Vous consultez <a href=\"https:\/\/www.veenago.com\/slurrrrp\/fr\/menus\/\">les menus<\/a> et choisissez un menu pr\u00e9con\u00e7u, ou m\u00e9langez et assortissez. \u00a0Regardez des menus uniquement <a href=\"https:\/\/www.veenago.com\/slurrrrp\/cook-indian-vegan-menu\/\">v\u00e9g\u00e9taliens<\/a>. (Ces menus sont en anglais seulement.)<\/li>\n<li>Vous me dites par courriel ce que vous voulez apprendre (choisissez 2 plats dans un menu de 3 plats), et <strong>nous d\u00e9cidons d&#8217;une date et d&#8217;une heure. G\u00e9n\u00e9ralement, je donne des cours le samedi ou le dimanche apr\u00e8s-midi.<\/strong>\u00a0<strong><em>Il est important de me dire si vous avez des allergies\/intol\u00e9rances alimentaires<\/em><\/strong> afin que je puisse m&#8217;assurer que nous pr\u00e9parons des plats sans danger pour vous.<\/li>\n<li>*Vous me <strong>payez le montant total du cours par virement interac<\/strong> \u00e0 veenago@gmail.com.\u00a0<span style=\"font-size: revert;\">Les personnes \u00e0 l&#8217;ext\u00e9rieur du Canada devront payer en utilisant PayPal et nous partagerons les frais de transfert. Vous pouvez utiliser une carte de cr\u00e9dit avec PayPal.<\/span><\/li>\n<li><strong>Je vous envoie les recettes et vous achetez les ingr\u00e9dients<\/strong>. Planifiez \u00e0 l&#8217;avance (environ une semaine) le temps d&#8217;acheter les \u00e9pices. <em><strong>Les \u00e9pices pour les menus de l&#8217;Inde du Nord sont disponibles dans les grands magasins d&#8217;alimentation occidentaux.<\/strong> <\/em>Pour les autres \u00e9pices, vous devrez acheter dans une \u00e9picerie indienne (c\u2019est le fun !) ou commander en ligne. Je peux sugg\u00e9rer une bonne \u00e9picerie indienne en ligne pour le Canada. Tenez compte du temps pour commander en ligne aussi.<\/li>\n<li>Deux jours avant le cours, vous recevrez un courriel de pr\u00e9paration et un lien pour le cours sur <strong>jitsi.<\/strong> La majeure partie de la cuisine est faite pendant le cours, mais selon ce que vous choisissez, il peut y avoir une certaine pr\u00e9paration. Aucun \u00e9quipement sp\u00e9cial n&#8217;est g\u00e9n\u00e9ralement n\u00e9cessaire. Quelquefois, un cuiseur vapeur, un robot culinaire, etc. sont n\u00e9cessaires.<\/li>\n<li><strong>Nous nous rencontrons en ligne et je vous guide pas \u00e0 pas. <\/strong>Mon appareil photo se concentre sur les \u00e9pices cr\u00e9pitantes et les pots remplis de saveurs\u00a0! \u00c0 la fin, <strong>vous avez un repas pr\u00eat et des recettes que vous pouvez utiliser toujours. Vous avez \u00e9galement la possibilit\u00e9 de poser des questions sur tout ce qui concerne la cuisine indienne.<\/strong> Et je vous enverrai la 3\u00e8me recette dans le menu. (N&#8217;h\u00e9sitez pas \u00e0 d\u00e9guster du vin ou de la bi\u00e8re pendant que vous cuisinez ! Ou une une boisson non alcoolis\u00e9e.)<\/li>\n<li><strong>Important: Remboursement complet si vous annulez 48 heures avant le cours<\/strong>; 20 $ pour chaque emplacement retenus pour le frais administrateur, ou choisissez une autre date pour le m\u00eame cours.<\/li>\n<\/ol>\n<p>Consultez <a href=\"https:\/\/www.facebook.com\/indiancookingcourse\/reviews\/?ref=page_internal\">les \u00e9valuations et les recommandations<\/a> sur ma page Facebook.<\/p>\n<p>J&#8217;ai h\u00e2te de vous rencontrer. Namaste\u00a0!<\/p>\n<p>[\/vc_column_text][\/vc_column][vc_column width=&#8221;1\/4&#8243;][vc_single_image image=&#8221;1306&#8243; img_size=&#8221;medium&#8221; alignment=&#8221;center&#8221; css_animation=&#8221;fadeInUp&#8221;][vc_single_image image=&#8221;1415&#8243; img_size=&#8221;medium&#8221; alignment=&#8221;center&#8221; css_animation=&#8221;fadeInUp&#8221;][vc_single_image image=&#8221;1308&#8243; img_size=&#8221;medium&#8221; alignment=&#8221;center&#8221; css_animation=&#8221;fadeInUp&#8221;][\/vc_column][\/vc_row]<\/p>\n\n\n<p><\/p>\n","protected":false},"excerpt":{"rendered":"<p>[vc_row][vc_column][vc_empty_space][\/vc_column][\/vc_row][vc_row][vc_column width=&#8221;1\/4&#8243;][vc_single_image image=&#8221;1414&#8243; img_size=&#8221;full&#8221; alignment=&#8221;center&#8221; css_animation=&#8221;fadeInUp&#8221;][vc_single_image image=&#8221;1305&#8243; img_size=&#8221;medium&#8221; alignment=&#8221;center&#8221; css_animation=&#8221;fadeInUp&#8221;][\/vc_column][vc_column width=&#8221;1\/2&#8243;][vc_column_text] La cuisine indienne a le plus d&#8217;options v\u00e9g\u00e9tariennes au monde. V\u00e9g\u00e9tarien indien = une alimentation \u00e9quilibr\u00e9e et d\u00e9licieuse. Apprenez des plats v\u00e9g\u00e9tariens de toute l&#8217;Inde : des caris classiques, des plats typiques trouv\u00e9s dans les restaurants occidentaux qui viennent en g\u00e9n\u00e9ral du nord de <a class=\"read-more\" href=\"https:\/\/www.veenago.com\/slurrrrp\/details-cours-en-ligne\/\">Read More<\/a><\/p>\n","protected":false},"author":1,"featured_media":0,"parent":0,"menu_order":0,"comment_status":"closed","ping_status":"closed","template":"","meta":{"footnotes":""},"class_list":["post-2518","page","type-page","status-publish","hentry"],"yoast_head":"<!-- This site is optimized with the Yoast SEO plugin v24.5 - https:\/\/yoast.com\/wordpress\/plugins\/seo\/ -->\n<title>D\u00e9tails des cours en ligne - Miaaaam!<\/title>\n<meta name=\"robots\" content=\"index, follow, max-snippet:-1, max-image-preview:large, max-video-preview:-1\" \/>\n<link rel=\"canonical\" href=\"https:\/\/www.veenago.com\/slurrrrp\/details-cours-en-ligne\/\" \/>\n<meta property=\"og:locale\" content=\"en_US\" \/>\n<meta property=\"og:type\" content=\"article\" \/>\n<meta property=\"og:title\" content=\"D\u00e9tails des cours en ligne - Miaaaam!\" \/>\n<meta property=\"og:description\" content=\"[vc_row][vc_column][vc_empty_space][\/vc_column][\/vc_row][vc_row][vc_column width=&#8221;1\/4&#8243;][vc_single_image image=&#8221;1414&#8243; img_size=&#8221;full&#8221; alignment=&#8221;center&#8221; css_animation=&#8221;fadeInUp&#8221;][vc_single_image image=&#8221;1305&#8243; img_size=&#8221;medium&#8221; alignment=&#8221;center&#8221; css_animation=&#8221;fadeInUp&#8221;][\/vc_column][vc_column width=&#8221;1\/2&#8243;][vc_column_text] La cuisine indienne a le plus d&#8217;options v\u00e9g\u00e9tariennes au monde. V\u00e9g\u00e9tarien indien = une alimentation \u00e9quilibr\u00e9e et d\u00e9licieuse. Apprenez des plats v\u00e9g\u00e9tariens de toute l&#8217;Inde : des caris classiques, des plats typiques trouv\u00e9s dans les restaurants occidentaux qui viennent en g\u00e9n\u00e9ral du nord de Read More\" \/>\n<meta property=\"og:url\" content=\"https:\/\/www.veenago.com\/slurrrrp\/details-cours-en-ligne\/\" \/>\n<meta property=\"og:site_name\" content=\"Miaaaam!\" \/>\n<meta property=\"article:publisher\" content=\"https:\/\/www.facebook.com\/indiancookingcourse\" \/>\n<meta property=\"article:modified_time\" content=\"2025-02-23T16:17:54+00:00\" \/>\n<meta name=\"twitter:card\" content=\"summary_large_image\" \/>\n<meta name=\"twitter:site\" content=\"@veenago\" \/>\n<meta name=\"twitter:label1\" content=\"Est. reading time\" \/>\n\t<meta name=\"twitter:data1\" content=\"3 minutes\" \/>\n<script type=\"application\/ld+json\" class=\"yoast-schema-graph\">{\"@context\":\"https:\/\/schema.org\",\"@graph\":[{\"@type\":\"WebPage\",\"@id\":\"https:\/\/www.veenago.com\/slurrrrp\/details-cours-en-ligne\/\",\"url\":\"https:\/\/www.veenago.com\/slurrrrp\/details-cours-en-ligne\/\",\"name\":\"D\u00e9tails des cours en ligne - Miaaaam!\",\"isPartOf\":{\"@id\":\"https:\/\/www.veenago.com\/slurrrrp\/#website\"},\"datePublished\":\"2021-07-30T00:31:53+00:00\",\"dateModified\":\"2025-02-23T16:17:54+00:00\",\"breadcrumb\":{\"@id\":\"https:\/\/www.veenago.com\/slurrrrp\/details-cours-en-ligne\/#breadcrumb\"},\"inLanguage\":\"en-US\",\"potentialAction\":[{\"@type\":\"ReadAction\",\"target\":[\"https:\/\/www.veenago.com\/slurrrrp\/details-cours-en-ligne\/\"]}]},{\"@type\":\"BreadcrumbList\",\"@id\":\"https:\/\/www.veenago.com\/slurrrrp\/details-cours-en-ligne\/#breadcrumb\",\"itemListElement\":[{\"@type\":\"ListItem\",\"position\":1,\"name\":\"Home\",\"item\":\"https:\/\/www.veenago.com\/slurrrrp\/\"},{\"@type\":\"ListItem\",\"position\":2,\"name\":\"D\u00e9tails des cours en ligne\"}]},{\"@type\":\"WebSite\",\"@id\":\"https:\/\/www.veenago.com\/slurrrrp\/#website\",\"url\":\"https:\/\/www.veenago.com\/slurrrrp\/\",\"name\":\"Miaaaam!\",\"description\":\"cours de cuisine indienne, v\u00e9g\u00e9tarienne et facile\",\"potentialAction\":[{\"@type\":\"SearchAction\",\"target\":{\"@type\":\"EntryPoint\",\"urlTemplate\":\"https:\/\/www.veenago.com\/slurrrrp\/?s={search_term_string}\"},\"query-input\":{\"@type\":\"PropertyValueSpecification\",\"valueRequired\":true,\"valueName\":\"search_term_string\"}}],\"inLanguage\":\"en-US\"}]}<\/script>\n<!-- \/ Yoast SEO plugin. -->","yoast_head_json":{"title":"D\u00e9tails des cours en ligne - Miaaaam!","robots":{"index":"index","follow":"follow","max-snippet":"max-snippet:-1","max-image-preview":"max-image-preview:large","max-video-preview":"max-video-preview:-1"},"canonical":"https:\/\/www.veenago.com\/slurrrrp\/details-cours-en-ligne\/","og_locale":"en_US","og_type":"article","og_title":"D\u00e9tails des cours en ligne - Miaaaam!","og_description":"[vc_row][vc_column][vc_empty_space][\/vc_column][\/vc_row][vc_row][vc_column width=&#8221;1\/4&#8243;][vc_single_image image=&#8221;1414&#8243; img_size=&#8221;full&#8221; alignment=&#8221;center&#8221; css_animation=&#8221;fadeInUp&#8221;][vc_single_image image=&#8221;1305&#8243; img_size=&#8221;medium&#8221; alignment=&#8221;center&#8221; css_animation=&#8221;fadeInUp&#8221;][\/vc_column][vc_column width=&#8221;1\/2&#8243;][vc_column_text] La cuisine indienne a le plus d&#8217;options v\u00e9g\u00e9tariennes au monde. V\u00e9g\u00e9tarien indien = une alimentation \u00e9quilibr\u00e9e et d\u00e9licieuse. Apprenez des plats v\u00e9g\u00e9tariens de toute l&#8217;Inde : des caris classiques, des plats typiques trouv\u00e9s dans les restaurants occidentaux qui viennent en g\u00e9n\u00e9ral du nord de Read More","og_url":"https:\/\/www.veenago.com\/slurrrrp\/details-cours-en-ligne\/","og_site_name":"Miaaaam!","article_publisher":"https:\/\/www.facebook.com\/indiancookingcourse","article_modified_time":"2025-02-23T16:17:54+00:00","twitter_card":"summary_large_image","twitter_site":"@veenago","twitter_misc":{"Est. reading time":"3 minutes"},"schema":{"@context":"https:\/\/schema.org","@graph":[{"@type":"WebPage","@id":"https:\/\/www.veenago.com\/slurrrrp\/details-cours-en-ligne\/","url":"https:\/\/www.veenago.com\/slurrrrp\/details-cours-en-ligne\/","name":"D\u00e9tails des cours en ligne - Miaaaam!","isPartOf":{"@id":"https:\/\/www.veenago.com\/slurrrrp\/#website"},"datePublished":"2021-07-30T00:31:53+00:00","dateModified":"2025-02-23T16:17:54+00:00","breadcrumb":{"@id":"https:\/\/www.veenago.com\/slurrrrp\/details-cours-en-ligne\/#breadcrumb"},"inLanguage":"en-US","potentialAction":[{"@type":"ReadAction","target":["https:\/\/www.veenago.com\/slurrrrp\/details-cours-en-ligne\/"]}]},{"@type":"BreadcrumbList","@id":"https:\/\/www.veenago.com\/slurrrrp\/details-cours-en-ligne\/#breadcrumb","itemListElement":[{"@type":"ListItem","position":1,"name":"Home","item":"https:\/\/www.veenago.com\/slurrrrp\/"},{"@type":"ListItem","position":2,"name":"D\u00e9tails des cours en ligne"}]},{"@type":"WebSite","@id":"https:\/\/www.veenago.com\/slurrrrp\/#website","url":"https:\/\/www.veenago.com\/slurrrrp\/","name":"Miaaaam!","description":"cours de cuisine indienne, v\u00e9g\u00e9tarienne et facile","potentialAction":[{"@type":"SearchAction","target":{"@type":"EntryPoint","urlTemplate":"https:\/\/www.veenago.com\/slurrrrp\/?s={search_term_string}"},"query-input":{"@type":"PropertyValueSpecification","valueRequired":true,"valueName":"search_term_string"}}],"inLanguage":"en-US"}]}},"_links":{"self":[{"href":"https:\/\/www.veenago.com\/slurrrrp\/wp-json\/wp\/v2\/pages\/2518","targetHints":{"allow":["GET"]}}],"collection":[{"href":"https:\/\/www.veenago.com\/slurrrrp\/wp-json\/wp\/v2\/pages"}],"about":[{"href":"https:\/\/www.veenago.com\/slurrrrp\/wp-json\/wp\/v2\/types\/page"}],"author":[{"embeddable":true,"href":"https:\/\/www.veenago.com\/slurrrrp\/wp-json\/wp\/v2\/users\/1"}],"replies":[{"embeddable":true,"href":"https:\/\/www.veenago.com\/slurrrrp\/wp-json\/wp\/v2\/comments?post=2518"}],"version-history":[{"count":38,"href":"https:\/\/www.veenago.com\/slurrrrp\/wp-json\/wp\/v2\/pages\/2518\/revisions"}],"predecessor-version":[{"id":2809,"href":"https:\/\/www.veenago.com\/slurrrrp\/wp-json\/wp\/v2\/pages\/2518\/revisions\/2809"}],"wp:attachment":[{"href":"https:\/\/www.veenago.com\/slurrrrp\/wp-json\/wp\/v2\/media?parent=2518"}],"curies":[{"name":"wp","href":"https:\/\/api.w.org\/{rel}","templated":true}]}}