{"id":1811,"date":"2018-08-20T11:36:44","date_gmt":"2018-08-20T15:36:44","guid":{"rendered":"http:\/\/www.veenago.com\/slurrrrp\/menus\/"},"modified":"2025-02-23T11:23:26","modified_gmt":"2025-02-23T16:23:26","slug":"menus-2","status":"publish","type":"page","link":"https:\/\/www.veenago.com\/slurrrrp\/menus-2\/","title":{"rendered":"Menus"},"content":{"rendered":"<p>[vc_row][vc_column][vc_empty_space][\/vc_column][\/vc_row][vc_row][vc_column width=&#8221;1\/4&#8243;][vc_single_image image=&#8221;1767&#8243; img_size=&#8221;full&#8221; alignment=&#8221;center&#8221; css_animation=&#8221;fadeInUp&#8221;][vc_single_image image=&#8221;1771&#8243; img_size=&#8221;full&#8221; css_animation=&#8221;fadeInUp&#8221;][vc_single_image image=&#8221;1775&#8243; img_size=&#8221;full&#8221; css_animation=&#8221;fadeInUp&#8221;][\/vc_column][vc_column width=&#8221;1\/2&#8243;][vc_column_text]<\/p>\n<p><strong>Nous cuisinerons 2 plats; vous obtiendrez aussi la 3e recette du menu. Il vous sera facile de la cuisiner vous-m\u00eame, car vous aurez appris les bases de la cuisine indienne.<\/strong><\/p>\n<p><i>Contactez-moi S.V.P. pour discuter des options\u00a0come\u00a0v\u00e9g\u00e9talien, sans gluten, r\u00e9gimes sp\u00e9ciaux, les plats que vous aimeriez apprendre qui n&#8217;est pas ici, etc.<\/i><\/p>\n<p>LES MENUS STANDARD<\/p>\n<p><strong>\u00abPETITS THALIS\u00bb :\u00a0Plats pr\u00e9f\u00e9r\u00e9s du nord de l&#8217;Inde <em>(peut \u00eatre fait avec des \u00e9pices que l&#8217;on trouve dans les \u00e9piceries ordinaires):<\/em><\/strong><br \/>\n<span style=\"color: #000000;\">* <strong>Pulao<\/strong> (plats du riz avec \u00e9pices, l\u00e9gumes et noix) \u00a0<\/span><br \/>\n<span style=\"color: #000000;\">* Un <strong>cari<\/strong> comme La sauce de poulet au beurre avec l\u00e9gumes, Korma cari, Chana Masala, pois chiches \u00e9pic\u00e9s, etc.\u00a0<\/span><br \/>\n<span style=\"color: #000000;\">* Un <strong><em>dal<\/em><\/strong>, plats de lentilles ou un\u00a0<em>sabji<\/em>, plats de l\u00e9gumes secs ou un raita (<strong>salade<\/strong> au yogourt) ou une salade v\u00e9gane, une <strong>entr\u00e9e<\/strong> comme Bhaji \/ Bhajia ou une <strong>chutney<\/strong> ou une\u00a0<strong>dessert<\/strong>.<br \/>\n<\/span><\/p>\n<p><span style=\"font-style: italic; color: #000000;\"><b>Plus de plats favoris<\/b><\/span><span style=\"font-style: italic; color: #000000;\"><b> <strong>du nord (peut \u00eatre fait avec des \u00e9pices que l&#8217;on trouve dans les \u00e9piceries ordinaires)<\/strong>:<\/b><\/span><br \/>\n<span style=\"color: #000000;\">* Soupe Dal (lentilles) &#8212; les variations * Bhaji \/ Bhajia (beignets des l\u00e9gumes et de farine de pois chiches) *L\u00e9gumes mixtes &#8212;\u00a0<em>sabji<\/em> * Aloo-Gobi (pomme de terre et chou-fleur) *Aloo-Matar (pomme de terre et pois) \u00a0*Dal Makhani, lentilles noires cr\u00e9meuses *Saag (Plats de feuilles verts) Nous pouvons ajouter le fromage ou tofu, *Rajma, un curry de haricots rouges copieux *Baigan Bharta (salade \u00e9pic\u00e9e de la pur\u00e9e d&#8217;aubergines, pendant l&#8217;\u00e9t\u00e9 quand les aubergines sont bons) *Poivrons verts farci\u00a0<\/span><\/p>\n<p><em><strong>Des \u00e9pices sp\u00e9ciales sont n\u00e9cessaires pour les menus ci-dessous, impliquant une visite dans une \u00e9picerie indienne ou une commande en ligne (\u00e7a vaut vraiment le coup!)<\/strong><\/em><\/p>\n<p><span style=\"color: #000000;\"><strong>Autres options de cuisine r\u00e9gionales populaires<\/strong>: *Tawa pulao, plat de riz color\u00e9 avec <\/span>un m\u00e9lange des \u00e9pices sp\u00e9cial\u00a0<span style=\"color: #000000;\">et des l\u00e9gumes cuits et frais, *Pulao de style Sud; *Rassa, curry de l\u00e9gumes m\u00e9lang\u00e9s du Maharashtra avec le devin Goda Masala (nous ferons \u00e9galement ce m\u00e9lange d&#8217;\u00e9pices), <strong>divers caris \u00e0 la noix de coco du sud de l&#8217;inde<\/strong> *Dhansak, d\u00e9licieux plat de dal (lentille) Parsi avec du fenugrec. (Nous ferons \u00e9galement le m\u00e9lange d&#8217;\u00e9pices pour ce plat.)<\/span><\/p>\n<p><span style=\"color: #000000;\">*Chutney de coriandre *Chutney de tamarin *<em>Raita<\/em> \u2014 salades \u00e9pic\u00e9es au yaourt\u2014 betterave, feuilles vertes, pomme de terre, etc, *<em>Kachumbar<\/em>, salades \u00e9pic\u00e9es sans yaourt &#8212; tomate-oignon, concombre, pois chiches, etc, *<strong>Lassi de mangue<\/strong> *Lassi sucr\u00e9 \u2013 variations * Lassi Sal\u00e9 *<strong>Chai Masala, th\u00e9 \u00e9pic\u00e9<\/strong> *Une dessert &#8211; <em><strong>Liste des desserts \u00e0 la fin.<\/strong><\/em><\/span><\/p>\n<p><strong>\u00abPETITS THALIS\u00bb : M\u00e9lange des r\u00e9gions de l\u2019Inde\u00a0<\/strong><em><br \/>\n<span style=\"color: #000000;\"><em>Ce cours explore les richesses de la cuisine r\u00e9gionale indienne et diff\u00e9rents m\u00e9langes d&#8217;\u00e9pices.<\/em><\/span><\/em><br \/>\n<span style=\"color: #000000;\">* Un dal (plat de lentilles) <strong>\u00e0 la bengali<\/strong> avec Panch Phoran, un m\u00e9lange d&#8217;\u00e9pices r\u00e9gional<br \/>\n* Un plat de l\u00e9gumes, Poriyal, <strong>style Inde du Sud<\/strong>, avec graines de moutarde noirs, noix de coco, ase f\u00e9tide et poudre de curry Madras<br \/>\n* Un plat de riz, Pulao, <strong>style nord de l&#8217;Inde<\/strong>, avec l\u00e9gumes et Garam Masala<\/span><\/p>\n<p><strong>Sp\u00e9cial (sud de l&#8217;Inde)<\/strong><\/p>\n<p>\u00c0 ne pas manquer:<strong> 1. Uttapams<\/strong>, des cr\u00eapes riz-lentilles avec chutney de 2. <strong>noix de coco et 3. sambar,<\/strong> lentilles \u00e9pic\u00e9es du sud de l&#8217;Inde avec des l\u00e9gumes, poudre de curry de Madras et tamarin. Miaaaam!<\/p>\n<p><strong>\u00abPETITS THALIS\u00bb : Saveurs du Sud\u00a0: Pas assez connu ici, mais\u00a0\u00e0\u00a0essayer!<\/strong><br \/>\n<span style=\"color: #000000;\">* <strong>Sambar<\/strong>\u00a0: lentilles \u00e9pic\u00e9es de l&#8217;Inde du sud avec l\u00e9gumes, poudre de curry et tamarin<\/span><br \/>\n<span style=\"color: #000000;\">* <strong>Poriyal<\/strong>, un plat de l\u00e9gumes, avec graines de moutarde noirs, noix de coco, ase f\u00e9tide et poudre de curry Madras<\/span><br \/>\n<span style=\"color: #000000;\">* <strong>Chutney<\/strong> \u00e0 la tomate ou <strong>noix de coco<\/strong>. <strong>Ou Une salade de courge cuite aux \u00e9pices et au yaourt <\/strong>(saisonnier: automne et hiver)<br \/>\n<\/span><\/p>\n<p><span style=\"color: #000000;\">Les trois plats sont s<\/span><span style=\"color: #000000;\">ervis avec du riz basmati.<\/span><\/p>\n<p><strong>\u00abPETITS THALIS\u00bb<\/strong><em><strong> : <\/strong><\/em><strong>Allez au sud, restez au sud!<\/strong><br \/>\n<span style=\"color: #000000;\">* Chana Dal Wadas, d\u00e9licieux <strong>beignets de lentilles<\/strong> avec de vraies feuilles de curry, plus autres \u00e9pices<\/span><br \/>\n<span style=\"color: #000000;\">* L\u00e9gumes au curry de lait de coco savoureux (pendant l&#8217;\u00e9t\u00e9 <strong>Avial<\/strong>, curry de lait de coco et\u00a0yaourt est une option)<\/span><br \/>\n<span style=\"color: #000000;\">* <strong>Riz au citron<\/strong> ou riz basmati et <strong>chutney aux graines de lin<\/strong> de la table de Veena<\/span><\/p>\n<p><em>Ce chutney est plein de saveurs, sain et facile \u00e0 r\u00e9aliser !<\/em><\/p>\n<p><strong>Les plats classiques indiens<\/strong><br \/>\n*<strong>Khichari:<\/strong> plat de riz et de lentilles avec des \u00e9pices et des l\u00e9gumes, avec une cuiller\u00e9e de <em> ghee, <\/em>beurre clarifi\u00e9 indien<em><br \/>\n<\/em>*<strong>Kadhi<\/strong>: une soupe au yaourt avec de la farine de pois chiche, des \u00e9pices et des l\u00e9gumes<em><br \/>\n<\/em>*<strong>Chutney aux graines de lin<\/strong> de la table de Veena. Plus papadum<\/p>\n<p><strong>SAMOUSSA AU FOUR POUR LE PLAISIR<\/strong> (<i style=\"font-weight: bold;\">Tous les cours de Samosa\u00a0sont\u00a03 heures et\u00a0<\/i><span style=\"font-weight: 600;\"><i>ils<\/i><\/span><i style=\"font-weight: bold;\">\u00a0<\/i><b><i>sont<\/i><\/b><i style=\"font-weight: bold;\">\u00a0plus ch\u00e8res<\/i>)<\/p>\n<p>Nous ferons deux types de samoussas cuits au four \u00e0 partir de ceux \u00e9num\u00e9r\u00e9s ci-dessous. Choisissez parmi:<br \/>\n*Pommes de terre-pois chiches, style nord de l&#8217;Inde, le samoussa standard<br \/>\n* Pois, flocons de noix de coco et un m\u00e9lange d&#8217;\u00e9pices sp\u00e9cial que nous ferons \u00e9galement, ou * Samoussa Sucr\u00e9 \u00e0 base de noix de coco (les deux viens de l&#8217;Inde de Ouest)<br \/>\n*Samoussa aux pommes de terre au chou fris\u00e9 avec poudre de cari de Madras (inspiration de sud de l&#8217;Inde)<br \/>\n*Plus un chutney au tamarin ou \u00e0 la coriandre ou du Masala Chai (th\u00e9 aux \u00e9pices indiennes) <em><strong>comme troisi\u00e8me plat.<\/strong><\/em><br \/>\nR\u00e9duisez les calories, conservez la saveur avec des samoussas cuits au four!<\/p>\n<p><strong>C\u00c9L\u00c9BRER LA NOURRITURE DE RUE DE BOMBAY\/MUMBAI! Bon pour une f\u00eate! Passionnant!<em><br \/>\n<\/em><\/strong><\/p>\n<p><span style=\"color: #000000;\"><strong>I.<\/strong><br \/>\n* <strong>Misaal,<\/strong> rago\u00fbt de haricots \u00e9pic\u00e9s, recouvert de pomme de terre, tomate, oignon, yogourt (facultatif) et<\/span><br \/>\n<span style=\"color: #000000;\">*2 chutneys, tamarin et coriandre plus une sauce piment-ail<\/span><br \/>\n<span style=\"color: #000000;\">* Chai Masala, th\u00e9 \u00e9pic\u00e9<\/span><\/p>\n<p><span style=\"color: #000000;\"><strong>II.<\/strong><br \/>\n* <strong>Pav Bhaji<\/strong>\u00a0: l\u00e9gumes \u00e9pic\u00e9s avec un masala (m\u00e9lange d&#8217;\u00e9pices) sp\u00e9cial servi sur des petits pains<\/span><br \/>\n<span style=\"color: #000000;\">* Chai Masala, th\u00e9 \u00e9pic\u00e9 ou<br \/>\n<\/span><span style=\"color: #000000;\">* Banane flamb\u00e9es style indien avec noix de coco et cardamome (dessert)<\/span><\/p>\n<p><span style=\"color: #000000;\"><strong>III.<\/strong><br \/>\n<\/span><span style=\"color: #000000;\">* <strong>Bhel,<\/strong> des crispies de riz (yup!) avec pommes de terre, oignons et arachides et deux chutneys, tamarin et coriandre, plus une sauce piment-ail &#8211; \u00e7a a l&#8217;air bizarre peut \u00eatre, mais c&#8217;est d\u00e9licieux!<\/span><br \/>\n<span style=\"color: #000000;\">* Chai Masala, th\u00e9 \u00e9pic\u00e9<\/span><\/p>\n<p><em><strong>Un repas maharashtrien de la table de Veena<\/strong><\/em><br \/>\n<span style=\"color: #000000;\">*Entr\u00e9e: Tranches d&#8217;aubergines l\u00e9g\u00e8rement \u00e9pic\u00e9es, l\u00e9g\u00e8rement frites (pendant l&#8217;\u00e9t\u00e9 quand les aubergines sont bons) Sinon chutney aux graines de lin comme le trosieme plats. <\/span><br \/>\n<span style=\"color: #000000;\">*Rassa, curry de l\u00e9gumes avec Goda Masala, un m\u00e9lange d\u2019\u00e9pices r\u00e9gional et noix de coco<\/span><\/p>\n<p><span style=\"color: #000000;\">*Poivrons verts cuisiner avec la farine de pois chiches et des \u00e9pices<\/span><br \/>\n<span style=\"color: #000000;\">Servi avec du riz Basmati.<br \/>\n<\/span><\/p>\n<p><strong>Quelque chose de\u00a0<\/strong><span style=\"font-weight: 600;\">diff\u00e9rente<\/span>\u00a0: pr\u00eat-\u00e0-manger\u00a0Indien rapide de la table de Veena <em>(Maharashtrian)<\/em><br \/>\n<span style=\"color: #000000;\">* Pohe, plat savoureux de riz plat avec l\u00e9gumes et noix<\/span><br \/>\n<span style=\"color: #000000;\">* Cr\u00eapes de farine de pois chiches et de farine de riz avec l\u00e9gumes, servis avec<\/span><br \/>\n<span style=\"color: #000000;\">* Chutney \u00e0 la coriandre<\/span><br \/>\n<span style=\"color: #000000;\">* Et une friandise surprise.<\/span><\/p>\n<p><strong>NOUVEAU et UNIQUE : Un menu anglo-indien<\/strong> ; un h\u00e9ritage britannique<br \/>\n*Soupe Mulligatawny\u00a0: Un soupe aux l\u00e9gume agr\u00e9able et poivr\u00e9<br \/>\n*Kedgeree : version ango-indienne du Khichari,\u00a0<span style=\"font-size: 14px;\">d\u00e9j\u00e0 d\u00e9crit dans un menu ci-dessus<br \/>\n<\/span>* Cari des oeufs extraordinaire : plat copieux et savoureux avec un sauce complexe qui peut \u00eatre pr\u00e9par\u00e9 pour un repas de fin de semaine sp\u00e9cial ou une c\u00e9l\u00e9bration<\/p>\n<p><strong>UNE FESTIN DE ROI<\/strong> &#8211; une excellente fa\u00e7on de c\u00e9l\u00e9brer une occasion (Il y a un suppl\u00e9ment de 25 $ CN pour ce menu car la pr\u00e9paration du biryani prend du temps)<br \/>\n<span style=\"color: #000000;\">* Dal Soup<\/span><br \/>\n<span style=\"color: #000000;\">* <strong>Hyderabadi Biryani,<\/strong> un plat de riz riche en l\u00e9gumes, \u00e9pices, yogourt, noix et fruits secs, partiellement cuit au four<\/span><br \/>\n<span style=\"color: #000000;\">* Raita d\u00e9cadente aux bette \u00e0 carde avec yaourt et noix\u00a0 (ou choisissez un dessert)<\/span><br \/>\n<span style=\"color: #000000;\">Ce cours prendra plus de temps et d\u2019argent, mais en vaut la peine. Bonne pour une c\u00e9l\u00e9bration.<br \/>\n<\/span><\/p>\n<p><strong>Entr\u00e9es indiennes<\/strong><\/p>\n<p><span style=\"color: #000000;\">Choisissez parmi: 1. Bhaji \/ Bhajia, beignets de farine l\u00e9gumes-pois chiches; 2. Wadas Chana Dal, beignets de lentilles d\u00e9licieux, 3. Tranches d&#8217;aubergines \u00e9pic\u00e9es l\u00e9g\u00e8rement et l\u00e9g\u00e8rement frites, 4. Galettes \u00e9pic\u00e9es \u00e0 la pomme de terre et au ma\u00efs, 5. Samosas \u00e0 cocktail, 6. Chutney \u00e0 la coriandre, 7. Chutney \u00e0 la Tamarind, 8. Chutney de raisin bengali sur des craquelins; 9. Raita de courge sur des craquelins (de saison), 10. Chai Masala (th\u00e9 \u00e9pic\u00e9 \u00e0 l&#8217;indienne), 11. Lassi sucr\u00e9 ou sal\u00e9 (boisson au yogourt) 12. Masala Papadums, les papadums avec des garnitures<\/span><br \/>\n<strong>Cours id\u00e9ale pour un apr\u00e8s-midi de week-end!<\/strong><\/p>\n<p><strong>Un autre cours d\u2019apr\u00e8s-midi de fin de semaine consiste \u00e0 pr\u00e9parer 3 desserts.<\/strong> <span style=\"color: #000000;\">Les desserts que j&#8217;enseigne sont sains et vous pouvez contr\u00f4ler la quantit\u00e9 de graisse et de sucre qu&#8217;ils contiennent.<br \/>\n<\/span><\/p>\n<p><em><strong>Les desserts<\/strong><\/em> : <span style=\"color: #000000;\">*Halwa de Semoule* Halwa de Carotte *Halwa de Zucchini *Bananes Flamb\u00e9es style indien avec noix de coco et cardamome (v\u00e9g\u00e9talien), Pudding de riz indien au lait, ou lait de coco (v\u00e9g\u00e9talien) *Ladoos de noir de coco-et cocoa * Dates farcies avec des \u00e9pices, super faciles et miam *Lassi de mangue *Milk-shake au safran avec fruits secs et noix, Lait Dor\u00e9 au Curcuma, un plats classique du yoga!\u00a0 (<\/span>[\/vc_column_text][\/vc_column][vc_column width=&#8221;1\/4&#8243;][vc_single_image image=&#8221;1769&#8243; img_size=&#8221;medium&#8221; alignment=&#8221;center&#8221; css_animation=&#8221;fadeInUp&#8221;][vc_single_image image=&#8221;1773&#8243; img_size=&#8221;medium&#8221; alignment=&#8221;center&#8221; css_animation=&#8221;fadeInUp&#8221;][vc_single_image image=&#8221;1777&#8243; img_size=&#8221;full&#8221; css_animation=&#8221;fadeInUp&#8221;][\/vc_column][vc_column][\/vc_column][\/vc_row]<\/p>\n","protected":false},"excerpt":{"rendered":"<p>[vc_row][vc_column][vc_empty_space][\/vc_column][\/vc_row][vc_row][vc_column width=&#8221;1\/4&#8243;][vc_single_image image=&#8221;1767&#8243; img_size=&#8221;full&#8221; alignment=&#8221;center&#8221; css_animation=&#8221;fadeInUp&#8221;][vc_single_image image=&#8221;1771&#8243; img_size=&#8221;full&#8221; css_animation=&#8221;fadeInUp&#8221;][vc_single_image image=&#8221;1775&#8243; img_size=&#8221;full&#8221; css_animation=&#8221;fadeInUp&#8221;][\/vc_column][vc_column width=&#8221;1\/2&#8243;][vc_column_text] Nous cuisinerons 2 plats; vous obtiendrez aussi la 3e recette du menu. Il vous sera facile de la cuisiner vous-m\u00eame, car vous aurez appris les bases de la cuisine indienne. Contactez-moi S.V.P. pour discuter des options\u00a0come\u00a0v\u00e9g\u00e9talien, sans gluten, r\u00e9gimes sp\u00e9ciaux, les plats <a class=\"read-more\" href=\"https:\/\/www.veenago.com\/slurrrrp\/menus-2\/\">Read More<\/a><\/p>\n","protected":false},"author":1,"featured_media":0,"parent":0,"menu_order":0,"comment_status":"closed","ping_status":"closed","template":"","meta":{"footnotes":""},"class_list":["post-1811","page","type-page","status-publish","hentry"],"yoast_head":"<!-- This site is optimized with the Yoast SEO plugin v24.5 - https:\/\/yoast.com\/wordpress\/plugins\/seo\/ -->\n<title>Menus - Miaaaam!<\/title>\n<meta name=\"robots\" content=\"index, follow, max-snippet:-1, max-image-preview:large, max-video-preview:-1\" \/>\n<link rel=\"canonical\" href=\"https:\/\/www.veenago.com\/slurrrrp\/menus-2\/\" \/>\n<meta property=\"og:locale\" content=\"en_US\" \/>\n<meta property=\"og:type\" content=\"article\" \/>\n<meta property=\"og:title\" content=\"Menus - Miaaaam!\" \/>\n<meta property=\"og:description\" content=\"[vc_row][vc_column][vc_empty_space][\/vc_column][\/vc_row][vc_row][vc_column width=&#8221;1\/4&#8243;][vc_single_image image=&#8221;1767&#8243; img_size=&#8221;full&#8221; alignment=&#8221;center&#8221; css_animation=&#8221;fadeInUp&#8221;][vc_single_image image=&#8221;1771&#8243; img_size=&#8221;full&#8221; css_animation=&#8221;fadeInUp&#8221;][vc_single_image image=&#8221;1775&#8243; img_size=&#8221;full&#8221; css_animation=&#8221;fadeInUp&#8221;][\/vc_column][vc_column width=&#8221;1\/2&#8243;][vc_column_text] Nous cuisinerons 2 plats; vous obtiendrez aussi la 3e recette du menu. Il vous sera facile de la cuisiner vous-m\u00eame, car vous aurez appris les bases de la cuisine indienne. Contactez-moi S.V.P. pour discuter des options\u00a0come\u00a0v\u00e9g\u00e9talien, sans gluten, r\u00e9gimes sp\u00e9ciaux, les plats Read More\" \/>\n<meta property=\"og:url\" content=\"https:\/\/www.veenago.com\/slurrrrp\/menus-2\/\" \/>\n<meta property=\"og:site_name\" content=\"Miaaaam!\" \/>\n<meta property=\"article:publisher\" content=\"https:\/\/www.facebook.com\/indiancookingcourse\" \/>\n<meta property=\"article:modified_time\" content=\"2025-02-23T16:23:26+00:00\" \/>\n<meta name=\"twitter:card\" content=\"summary_large_image\" \/>\n<meta name=\"twitter:site\" content=\"@veenago\" \/>\n<meta name=\"twitter:label1\" content=\"Est. reading time\" \/>\n\t<meta name=\"twitter:data1\" content=\"7 minutes\" \/>\n<script type=\"application\/ld+json\" class=\"yoast-schema-graph\">{\"@context\":\"https:\/\/schema.org\",\"@graph\":[{\"@type\":\"WebPage\",\"@id\":\"https:\/\/www.veenago.com\/slurrrrp\/menus-2\/\",\"url\":\"https:\/\/www.veenago.com\/slurrrrp\/menus-2\/\",\"name\":\"Menus - Miaaaam!\",\"isPartOf\":{\"@id\":\"https:\/\/www.veenago.com\/slurrrrp\/#website\"},\"datePublished\":\"2018-08-20T15:36:44+00:00\",\"dateModified\":\"2025-02-23T16:23:26+00:00\",\"breadcrumb\":{\"@id\":\"https:\/\/www.veenago.com\/slurrrrp\/menus-2\/#breadcrumb\"},\"inLanguage\":\"en-US\",\"potentialAction\":[{\"@type\":\"ReadAction\",\"target\":[\"https:\/\/www.veenago.com\/slurrrrp\/menus-2\/\"]}]},{\"@type\":\"BreadcrumbList\",\"@id\":\"https:\/\/www.veenago.com\/slurrrrp\/menus-2\/#breadcrumb\",\"itemListElement\":[{\"@type\":\"ListItem\",\"position\":1,\"name\":\"Home\",\"item\":\"https:\/\/www.veenago.com\/slurrrrp\/\"},{\"@type\":\"ListItem\",\"position\":2,\"name\":\"Menus\"}]},{\"@type\":\"WebSite\",\"@id\":\"https:\/\/www.veenago.com\/slurrrrp\/#website\",\"url\":\"https:\/\/www.veenago.com\/slurrrrp\/\",\"name\":\"Miaaaam!\",\"description\":\"cours de cuisine indienne, v\u00e9g\u00e9tarienne et facile\",\"potentialAction\":[{\"@type\":\"SearchAction\",\"target\":{\"@type\":\"EntryPoint\",\"urlTemplate\":\"https:\/\/www.veenago.com\/slurrrrp\/?s={search_term_string}\"},\"query-input\":{\"@type\":\"PropertyValueSpecification\",\"valueRequired\":true,\"valueName\":\"search_term_string\"}}],\"inLanguage\":\"en-US\"}]}<\/script>\n<!-- \/ Yoast SEO plugin. -->","yoast_head_json":{"title":"Menus - Miaaaam!","robots":{"index":"index","follow":"follow","max-snippet":"max-snippet:-1","max-image-preview":"max-image-preview:large","max-video-preview":"max-video-preview:-1"},"canonical":"https:\/\/www.veenago.com\/slurrrrp\/menus-2\/","og_locale":"en_US","og_type":"article","og_title":"Menus - Miaaaam!","og_description":"[vc_row][vc_column][vc_empty_space][\/vc_column][\/vc_row][vc_row][vc_column width=&#8221;1\/4&#8243;][vc_single_image image=&#8221;1767&#8243; img_size=&#8221;full&#8221; alignment=&#8221;center&#8221; css_animation=&#8221;fadeInUp&#8221;][vc_single_image image=&#8221;1771&#8243; img_size=&#8221;full&#8221; css_animation=&#8221;fadeInUp&#8221;][vc_single_image image=&#8221;1775&#8243; img_size=&#8221;full&#8221; css_animation=&#8221;fadeInUp&#8221;][\/vc_column][vc_column width=&#8221;1\/2&#8243;][vc_column_text] Nous cuisinerons 2 plats; vous obtiendrez aussi la 3e recette du menu. Il vous sera facile de la cuisiner vous-m\u00eame, car vous aurez appris les bases de la cuisine indienne. Contactez-moi S.V.P. pour discuter des options\u00a0come\u00a0v\u00e9g\u00e9talien, sans gluten, r\u00e9gimes sp\u00e9ciaux, les plats Read More","og_url":"https:\/\/www.veenago.com\/slurrrrp\/menus-2\/","og_site_name":"Miaaaam!","article_publisher":"https:\/\/www.facebook.com\/indiancookingcourse","article_modified_time":"2025-02-23T16:23:26+00:00","twitter_card":"summary_large_image","twitter_site":"@veenago","twitter_misc":{"Est. reading time":"7 minutes"},"schema":{"@context":"https:\/\/schema.org","@graph":[{"@type":"WebPage","@id":"https:\/\/www.veenago.com\/slurrrrp\/menus-2\/","url":"https:\/\/www.veenago.com\/slurrrrp\/menus-2\/","name":"Menus - Miaaaam!","isPartOf":{"@id":"https:\/\/www.veenago.com\/slurrrrp\/#website"},"datePublished":"2018-08-20T15:36:44+00:00","dateModified":"2025-02-23T16:23:26+00:00","breadcrumb":{"@id":"https:\/\/www.veenago.com\/slurrrrp\/menus-2\/#breadcrumb"},"inLanguage":"en-US","potentialAction":[{"@type":"ReadAction","target":["https:\/\/www.veenago.com\/slurrrrp\/menus-2\/"]}]},{"@type":"BreadcrumbList","@id":"https:\/\/www.veenago.com\/slurrrrp\/menus-2\/#breadcrumb","itemListElement":[{"@type":"ListItem","position":1,"name":"Home","item":"https:\/\/www.veenago.com\/slurrrrp\/"},{"@type":"ListItem","position":2,"name":"Menus"}]},{"@type":"WebSite","@id":"https:\/\/www.veenago.com\/slurrrrp\/#website","url":"https:\/\/www.veenago.com\/slurrrrp\/","name":"Miaaaam!","description":"cours de cuisine indienne, v\u00e9g\u00e9tarienne et facile","potentialAction":[{"@type":"SearchAction","target":{"@type":"EntryPoint","urlTemplate":"https:\/\/www.veenago.com\/slurrrrp\/?s={search_term_string}"},"query-input":{"@type":"PropertyValueSpecification","valueRequired":true,"valueName":"search_term_string"}}],"inLanguage":"en-US"}]}},"_links":{"self":[{"href":"https:\/\/www.veenago.com\/slurrrrp\/wp-json\/wp\/v2\/pages\/1811","targetHints":{"allow":["GET"]}}],"collection":[{"href":"https:\/\/www.veenago.com\/slurrrrp\/wp-json\/wp\/v2\/pages"}],"about":[{"href":"https:\/\/www.veenago.com\/slurrrrp\/wp-json\/wp\/v2\/types\/page"}],"author":[{"embeddable":true,"href":"https:\/\/www.veenago.com\/slurrrrp\/wp-json\/wp\/v2\/users\/1"}],"replies":[{"embeddable":true,"href":"https:\/\/www.veenago.com\/slurrrrp\/wp-json\/wp\/v2\/comments?post=1811"}],"version-history":[{"count":65,"href":"https:\/\/www.veenago.com\/slurrrrp\/wp-json\/wp\/v2\/pages\/1811\/revisions"}],"predecessor-version":[{"id":2791,"href":"https:\/\/www.veenago.com\/slurrrrp\/wp-json\/wp\/v2\/pages\/1811\/revisions\/2791"}],"wp:attachment":[{"href":"https:\/\/www.veenago.com\/slurrrrp\/wp-json\/wp\/v2\/media?parent=1811"}],"curies":[{"name":"wp","href":"https:\/\/api.w.org\/{rel}","templated":true}]}}