{"id":1697,"date":"2018-08-04T11:16:33","date_gmt":"2018-08-04T15:16:33","guid":{"rendered":"http:\/\/www.veenago.com\/slurrrrp\/options\/"},"modified":"2025-02-23T11:24:09","modified_gmt":"2025-02-23T16:24:09","slug":"options-2","status":"publish","type":"page","link":"https:\/\/www.veenago.com\/slurrrrp\/options-2\/","title":{"rendered":"Options"},"content":{"rendered":"<p>[vc_row][vc_column][fancy_heading h1=&#8221;0&#8243;]<span style=\"color: #000000;\">Cuisiner et savourer un repas indien avec des \u00eatres chers&#8230;<\/span><br \/>\n[\/fancy_heading][\/vc_column][\/vc_row][vc_row][vc_column width=&#8221;1\/4&#8243;][vc_single_image image=&#8221;1642&#8243; img_size=&#8221;full&#8221; alignment=&#8221;center&#8221; css_animation=&#8221;fadeInUp&#8221;][vc_single_image image=&#8221;1648&#8243; img_size=&#8221;medium&#8221; alignment=&#8221;center&#8221; css_animation=&#8221;fadeInUp&#8221;][vc_single_image image=&#8221;1650&#8243; img_size=&#8221;medium&#8221; css_animation=&#8221;fadeInUp&#8221;][\/vc_column][vc_column width=&#8221;1\/2&#8243;][info_box]<\/p>\n<ul>\n<li><strong><span style=\"color: #000000;\">Amenez vos amis ou votre famille chez moi pour un cours priv\u00e9, ou faites-moi venir chez vous avec mes \u00e9pices.<\/span><\/strong><\/li>\n<li><strong><span style=\"color: #000000;\">C&#8217;est une excellente fa\u00e7on de c\u00e9l\u00e9brer : anniversaires, enterrement de vie de gar\u00e7on ou fille, soir\u00e9es entre filles\/gar\u00e7ons, d\u00eeners romantique,, &#8220;baby showers&#8221;, No\u00ebl, Halloween, etc.<\/span><\/strong><\/li>\n<li><strong><span style=\"color: #000000;\">Distinguez-vous comme h\u00f4te ou h\u00f4tesse: Nous (toi et moi) pouvons cuisiner ensemble un repas indien fantastique pour votre famille et vos amis<\/span><\/strong><\/li>\n<\/ul>\n<p>[\/info_box][vc_column_text]<strong>G\u00e9n\u00e9ralit\u00e9s sur les cours de cuisine priv\u00e9s chez moi ou chez vous:<\/strong><\/p>\n<ul>\n<li><span style=\"color: #000000;\">Dur\u00e9e: 3 heures, repas compris.<\/span><\/li>\n<li><span style=\"color: #000000;\">Planification \u00e0 l&#8217;avance (au moins 2 semaines)\u00a0<\/span><\/li>\n<li><span style=\"color: #000000;\">Nous pr\u00e9parerons un repas v\u00e9g\u00e9tarien de 3 plats, d\u00e9velopp\u00e9 en accord avec vous. Ou vous pouvez laisser le menu \u00e0 ma discr\u00e9tion. <strong><a style=\"color: #000000;\" href=\"https:\/\/www.veenago.com\/slurrrrp\/fr\/menus\/\">Regardez des menus ici.<\/a><\/strong><\/span><\/li>\n<li><span style=\"color: #000000;\">Vous recevrez des recettes d\u00e9taill\u00e9es, et une liste d&#8217;endroits o\u00f9 acheter les ingr\u00e9dients indiens. <\/span><\/li>\n<li><span style=\"color: #000000;\"><strong>Apportez votre vin<\/strong>.<\/span><\/li>\n<\/ul>\n<p><em>Cette formule peut \u00eatre modifi\u00e9e. Discutons-en! 514-839-8264.<\/em><br \/>\n<strong>Tr\u00e8s important: S.V.P. avertissez-moi des allergies et des sensibilit\u00e9s alimentaires au moment de la r\u00e9servation.<\/strong><\/p>\n<p><strong>Co\u00fbt d&#8217;un cours priv\u00e9e chez moi:<\/strong><br \/>\n<span style=\"color: #000000;\">6-8 personnes: 50 dollar canadien\u00a0par personne.<\/span><br \/>\n<span style=\"color: #000000;\">4-5 personnes: 60 dollar canadien\u00a0par personne<\/span><br \/>\n<span style=\"color: #000000;\">2-3 personnes: 75 dollar canadien\u00a0par personne; 1 personne 100\u00a0dollar canadien.<\/span><\/p>\n<p><span style=\"color: #000000;\"><strong>Tous les prix indiqu\u00e9s incluent les taxes.<\/strong><\/span><\/p>\n<p><strong>Paiement complet requis \u00e0 l&#8217;avance<\/strong> par virement \u00e9lectronique Interac, en mon nom: Veena Gokhale (veenago@gmail.com). D&#8217;autres moyens de paiement sont \u00e9galement possibles.<\/p>\n<p><strong>IMPORTANT:<\/strong> <span style=\"color: #000000;\">Un petit suppl\u00e9ment peut \u00eatre ajout\u00e9 au co\u00fbt ci-dessus pour les ingr\u00e9dients co\u00fbteux ou hors saison. Vous en apprendrez davantage sur le suppl\u00e9ment \u00e0 l\u2019avance.<\/span><\/p>\n<p><strong>Cours de groupe priv\u00e9 chez vous:<\/strong><\/p>\n<ul>\n<li><span style=\"color: #000000;\">Je peux donner un cours similaire chez vous avec la m\u00eame structure de prix que ci-dessus, mais avec un paiement minimum de 240 dollar canadien.<\/span><\/li>\n<li><span style=\"color: #000000;\">Le nombre maximum d&#8217;invit\u00e9s d\u00e9pend de la taille de votre cuisine et de son \u00e9quipement.<\/span><\/li>\n<li><span style=\"color: #000000;\">Vous fournissez des ingr\u00e9dients de base comme le riz, les lentilles, les l\u00e9gumes, l&#8217;huile, etc. J&#8217;apporte des \u00e9pices et des ingr\u00e9dients indiens plus difficiles \u00e0 trouver.<\/span><\/li>\n<li><span style=\"color: #000000;\">Une fois que nous aurons arr\u00eat\u00e9 la date, nous devrons finaliser le menu et parler de la configuration de votre cuisine.<\/span><\/li>\n<li><span style=\"color: #000000;\">Quelques jours avant le cours, je vous enverrai une liste d&#8217;ingr\u00e9dients.<\/span><\/li>\n<li><span style=\"color: #000000;\">Je viendrai chez vous une heure avant que la classe commence, pour pr\u00e9parer l&#8217;organisation avec vous.<\/span><\/li>\n<\/ul>\n<p><strong>Bachelor ou Bachelorette Party avec Extra Oomph !<\/strong><br \/>\nGirls\u2019 Night Out\/In &#8211; <strong>Soyez une princesse indienne ! Habillage, musique indienne et autres possibilit\u00e9s.\u00a0<\/strong>Guys Night out\/In\u00a0est \u00e9galement possible.<br \/>\nUn cours de cuisine indienne est un excellent moyen de c\u00e9l\u00e9brer. Appelez-moi (Veena) pour discuter: 514-839-8264.<\/p>\n<p><strong>Distinguez-vous comme h\u00f4te ou h\u00f4tesse:<\/strong><\/p>\n<ul>\n<li><span style=\"color: #000000;\">Vous m&#8217;engagez \u00e0 50 dollar canadien\u00a0l&#8217;heure pour pr\u00e9parer un repas avec vous chez vous pour quelques invit\u00e9s.<\/span><\/li>\n<li><span style=\"color: #000000;\">C&#8217;est un cours de cuisine priv\u00e9 pour vous et vous faites \u00e9galement plaisir \u00e0 vos amis et votre famille.<\/span><\/li>\n<li><span style=\"color: #000000;\">Le paiement minimum dont j&#8217;aurais besoin est de 200 dollar canadien. Ce tarif comprend la cuisson d&#8217;un repas de 3 \u00e0 4 plats pour 8 personnes en deux heures environ, ainsi que le temps d&#8217;installation de la cuisine, etc. Un repas plus \u00e9labor\u00e9 pour plus de personnes prendrait plus de temps.<\/span><\/li>\n<li><span style=\"color: #000000;\">Comme ci-dessus, vous fournissez les ingr\u00e9dients de base, et j&#8217;apporte les \u00e9pices.<\/span><\/li>\n<\/ul>\n<p><strong>Notez s&#8217;il vous pla\u00eet:<\/strong><\/p>\n<ul>\n<li><span style=\"color: #000000;\">J&#8217;habite pr\u00e8s du m\u00e9tro Papineau. <\/span><\/li>\n<li><span style=\"color: #000000;\">Je ne conduis pas, et je ferai l&#8217;aller-retour en transports en commun. Si le temps d&#8217;aller est en-de\u00e7a de 30 minutes, je ne charge pas pour mon temps de trajet. Les gens viennent me chercher pr\u00e8s d&#8217;un point de chute des transports en commun; \u00e7a fonctionne tr\u00e8s bien.<\/span><\/li>\n<li><span style=\"color: #000000;\">Je suis heureuse d\u2019aller \u00e0 l\u2019ext\u00e9rieur de Montr\u00e9al en utilisant l&#8217;autobus ou le train; les h\u00f4tes couvrent les co\u00fbts de transport.<\/span><\/li>\n<li><strong><span style=\"color: #000000;\">Souvent, les gens de la banlieue de Montr\u00e9al et au-del\u00e0 ont pr\u00e9f\u00e9r\u00e9nt converger chez moi. Reportez-vous au cours priv\u00e9 chez moi, ci-dessus.<\/span><\/strong>[\/vc_column_text][\/vc_column][vc_column width=&#8221;1\/4&#8243;][vc_single_image image=&#8221;1646&#8243; img_size=&#8221;medium&#8221; alignment=&#8221;center&#8221; css_animation=&#8221;fadeInUp&#8221;][vc_single_image image=&#8221;1652&#8243; img_size=&#8221;medium&#8221; alignment=&#8221;center&#8221; css_animation=&#8221;fadeInUp&#8221;][vc_single_image image=&#8221;1654&#8243; img_size=&#8221;medium&#8221; alignment=&#8221;center&#8221; css_animation=&#8221;fadeInUp&#8221;][\/vc_column][\/vc_row][vc_row][vc_column][vc_column_text][\/vc_column_text][\/vc_column][\/vc_row]<\/li>\n<\/ul>\n","protected":false},"excerpt":{"rendered":"<p>[vc_row][vc_column][fancy_heading h1=&#8221;0&#8243;]Cuisiner et savourer un repas indien avec des \u00eatres chers&#8230; [\/fancy_heading][\/vc_column][\/vc_row][vc_row][vc_column width=&#8221;1\/4&#8243;][vc_single_image image=&#8221;1642&#8243; img_size=&#8221;full&#8221; alignment=&#8221;center&#8221; css_animation=&#8221;fadeInUp&#8221;][vc_single_image image=&#8221;1648&#8243; img_size=&#8221;medium&#8221; alignment=&#8221;center&#8221; css_animation=&#8221;fadeInUp&#8221;][vc_single_image image=&#8221;1650&#8243; img_size=&#8221;medium&#8221; css_animation=&#8221;fadeInUp&#8221;][\/vc_column][vc_column width=&#8221;1\/2&#8243;][info_box] Amenez vos amis ou votre famille chez moi pour un cours priv\u00e9, ou faites-moi venir chez vous avec mes \u00e9pices. C&#8217;est une excellente fa\u00e7on de c\u00e9l\u00e9brer : anniversaires, enterrement de <a class=\"read-more\" href=\"https:\/\/www.veenago.com\/slurrrrp\/options-2\/\">Read More<\/a><\/p>\n","protected":false},"author":1,"featured_media":0,"parent":0,"menu_order":0,"comment_status":"closed","ping_status":"closed","template":"","meta":{"footnotes":""},"class_list":["post-1697","page","type-page","status-publish","hentry"],"yoast_head":"<!-- This site is optimized with the Yoast SEO plugin v24.5 - https:\/\/yoast.com\/wordpress\/plugins\/seo\/ -->\n<title>Options - Miaaaam!<\/title>\n<meta name=\"robots\" content=\"index, follow, max-snippet:-1, max-image-preview:large, max-video-preview:-1\" \/>\n<link rel=\"canonical\" href=\"https:\/\/www.veenago.com\/slurrrrp\/options-2\/\" \/>\n<meta property=\"og:locale\" content=\"en_US\" \/>\n<meta property=\"og:type\" content=\"article\" \/>\n<meta property=\"og:title\" content=\"Options - Miaaaam!\" \/>\n<meta property=\"og:description\" content=\"[vc_row][vc_column][fancy_heading h1=&#8221;0&#8243;]Cuisiner et savourer un repas indien avec des \u00eatres chers&#8230; [\/fancy_heading][\/vc_column][\/vc_row][vc_row][vc_column width=&#8221;1\/4&#8243;][vc_single_image image=&#8221;1642&#8243; img_size=&#8221;full&#8221; alignment=&#8221;center&#8221; css_animation=&#8221;fadeInUp&#8221;][vc_single_image image=&#8221;1648&#8243; img_size=&#8221;medium&#8221; alignment=&#8221;center&#8221; css_animation=&#8221;fadeInUp&#8221;][vc_single_image image=&#8221;1650&#8243; img_size=&#8221;medium&#8221; css_animation=&#8221;fadeInUp&#8221;][\/vc_column][vc_column width=&#8221;1\/2&#8243;][info_box] Amenez vos amis ou votre famille chez moi pour un cours priv\u00e9, ou faites-moi venir chez vous avec mes \u00e9pices. C&#8217;est une excellente fa\u00e7on de c\u00e9l\u00e9brer : anniversaires, enterrement de Read More\" \/>\n<meta property=\"og:url\" content=\"https:\/\/www.veenago.com\/slurrrrp\/options-2\/\" \/>\n<meta property=\"og:site_name\" content=\"Miaaaam!\" \/>\n<meta property=\"article:publisher\" content=\"https:\/\/www.facebook.com\/indiancookingcourse\" \/>\n<meta property=\"article:modified_time\" content=\"2025-02-23T16:24:09+00:00\" \/>\n<meta name=\"twitter:card\" content=\"summary_large_image\" \/>\n<meta name=\"twitter:site\" content=\"@veenago\" \/>\n<meta name=\"twitter:label1\" content=\"Est. reading time\" \/>\n\t<meta name=\"twitter:data1\" content=\"3 minutes\" \/>\n<script type=\"application\/ld+json\" class=\"yoast-schema-graph\">{\"@context\":\"https:\/\/schema.org\",\"@graph\":[{\"@type\":\"WebPage\",\"@id\":\"https:\/\/www.veenago.com\/slurrrrp\/options-2\/\",\"url\":\"https:\/\/www.veenago.com\/slurrrrp\/options-2\/\",\"name\":\"Options - Miaaaam!\",\"isPartOf\":{\"@id\":\"https:\/\/www.veenago.com\/slurrrrp\/#website\"},\"datePublished\":\"2018-08-04T15:16:33+00:00\",\"dateModified\":\"2025-02-23T16:24:09+00:00\",\"breadcrumb\":{\"@id\":\"https:\/\/www.veenago.com\/slurrrrp\/options-2\/#breadcrumb\"},\"inLanguage\":\"en-US\",\"potentialAction\":[{\"@type\":\"ReadAction\",\"target\":[\"https:\/\/www.veenago.com\/slurrrrp\/options-2\/\"]}]},{\"@type\":\"BreadcrumbList\",\"@id\":\"https:\/\/www.veenago.com\/slurrrrp\/options-2\/#breadcrumb\",\"itemListElement\":[{\"@type\":\"ListItem\",\"position\":1,\"name\":\"Home\",\"item\":\"https:\/\/www.veenago.com\/slurrrrp\/\"},{\"@type\":\"ListItem\",\"position\":2,\"name\":\"Options\"}]},{\"@type\":\"WebSite\",\"@id\":\"https:\/\/www.veenago.com\/slurrrrp\/#website\",\"url\":\"https:\/\/www.veenago.com\/slurrrrp\/\",\"name\":\"Miaaaam!\",\"description\":\"cours de cuisine indienne, v\u00e9g\u00e9tarienne et facile\",\"potentialAction\":[{\"@type\":\"SearchAction\",\"target\":{\"@type\":\"EntryPoint\",\"urlTemplate\":\"https:\/\/www.veenago.com\/slurrrrp\/?s={search_term_string}\"},\"query-input\":{\"@type\":\"PropertyValueSpecification\",\"valueRequired\":true,\"valueName\":\"search_term_string\"}}],\"inLanguage\":\"en-US\"}]}<\/script>\n<!-- \/ Yoast SEO plugin. -->","yoast_head_json":{"title":"Options - Miaaaam!","robots":{"index":"index","follow":"follow","max-snippet":"max-snippet:-1","max-image-preview":"max-image-preview:large","max-video-preview":"max-video-preview:-1"},"canonical":"https:\/\/www.veenago.com\/slurrrrp\/options-2\/","og_locale":"en_US","og_type":"article","og_title":"Options - Miaaaam!","og_description":"[vc_row][vc_column][fancy_heading h1=&#8221;0&#8243;]Cuisiner et savourer un repas indien avec des \u00eatres chers&#8230; [\/fancy_heading][\/vc_column][\/vc_row][vc_row][vc_column width=&#8221;1\/4&#8243;][vc_single_image image=&#8221;1642&#8243; img_size=&#8221;full&#8221; alignment=&#8221;center&#8221; css_animation=&#8221;fadeInUp&#8221;][vc_single_image image=&#8221;1648&#8243; img_size=&#8221;medium&#8221; alignment=&#8221;center&#8221; css_animation=&#8221;fadeInUp&#8221;][vc_single_image image=&#8221;1650&#8243; img_size=&#8221;medium&#8221; css_animation=&#8221;fadeInUp&#8221;][\/vc_column][vc_column width=&#8221;1\/2&#8243;][info_box] Amenez vos amis ou votre famille chez moi pour un cours priv\u00e9, ou faites-moi venir chez vous avec mes \u00e9pices. C&#8217;est une excellente fa\u00e7on de c\u00e9l\u00e9brer : anniversaires, enterrement de Read More","og_url":"https:\/\/www.veenago.com\/slurrrrp\/options-2\/","og_site_name":"Miaaaam!","article_publisher":"https:\/\/www.facebook.com\/indiancookingcourse","article_modified_time":"2025-02-23T16:24:09+00:00","twitter_card":"summary_large_image","twitter_site":"@veenago","twitter_misc":{"Est. reading time":"3 minutes"},"schema":{"@context":"https:\/\/schema.org","@graph":[{"@type":"WebPage","@id":"https:\/\/www.veenago.com\/slurrrrp\/options-2\/","url":"https:\/\/www.veenago.com\/slurrrrp\/options-2\/","name":"Options - Miaaaam!","isPartOf":{"@id":"https:\/\/www.veenago.com\/slurrrrp\/#website"},"datePublished":"2018-08-04T15:16:33+00:00","dateModified":"2025-02-23T16:24:09+00:00","breadcrumb":{"@id":"https:\/\/www.veenago.com\/slurrrrp\/options-2\/#breadcrumb"},"inLanguage":"en-US","potentialAction":[{"@type":"ReadAction","target":["https:\/\/www.veenago.com\/slurrrrp\/options-2\/"]}]},{"@type":"BreadcrumbList","@id":"https:\/\/www.veenago.com\/slurrrrp\/options-2\/#breadcrumb","itemListElement":[{"@type":"ListItem","position":1,"name":"Home","item":"https:\/\/www.veenago.com\/slurrrrp\/"},{"@type":"ListItem","position":2,"name":"Options"}]},{"@type":"WebSite","@id":"https:\/\/www.veenago.com\/slurrrrp\/#website","url":"https:\/\/www.veenago.com\/slurrrrp\/","name":"Miaaaam!","description":"cours de cuisine indienne, v\u00e9g\u00e9tarienne et facile","potentialAction":[{"@type":"SearchAction","target":{"@type":"EntryPoint","urlTemplate":"https:\/\/www.veenago.com\/slurrrrp\/?s={search_term_string}"},"query-input":{"@type":"PropertyValueSpecification","valueRequired":true,"valueName":"search_term_string"}}],"inLanguage":"en-US"}]}},"_links":{"self":[{"href":"https:\/\/www.veenago.com\/slurrrrp\/wp-json\/wp\/v2\/pages\/1697","targetHints":{"allow":["GET"]}}],"collection":[{"href":"https:\/\/www.veenago.com\/slurrrrp\/wp-json\/wp\/v2\/pages"}],"about":[{"href":"https:\/\/www.veenago.com\/slurrrrp\/wp-json\/wp\/v2\/types\/page"}],"author":[{"embeddable":true,"href":"https:\/\/www.veenago.com\/slurrrrp\/wp-json\/wp\/v2\/users\/1"}],"replies":[{"embeddable":true,"href":"https:\/\/www.veenago.com\/slurrrrp\/wp-json\/wp\/v2\/comments?post=1697"}],"version-history":[{"count":23,"href":"https:\/\/www.veenago.com\/slurrrrp\/wp-json\/wp\/v2\/pages\/1697\/revisions"}],"predecessor-version":[{"id":2296,"href":"https:\/\/www.veenago.com\/slurrrrp\/wp-json\/wp\/v2\/pages\/1697\/revisions\/2296"}],"wp:attachment":[{"href":"https:\/\/www.veenago.com\/slurrrrp\/wp-json\/wp\/v2\/media?parent=1697"}],"curies":[{"name":"wp","href":"https:\/\/api.w.org\/{rel}","templated":true}]}}