{"id":1609,"date":"2017-08-17T11:21:01","date_gmt":"2017-08-17T15:21:01","guid":{"rendered":"http:\/\/www.veenago.com\/slurrrrp\/refund-and-other-policies\/"},"modified":"2025-02-23T11:21:08","modified_gmt":"2025-02-23T16:21:08","slug":"politiques-de-remboursement-et-autres-renseignements","status":"publish","type":"page","link":"https:\/\/www.veenago.com\/slurrrrp\/politiques-de-remboursement-et-autres-renseignements\/","title":{"rendered":"Politiques de remboursement et autres renseignements"},"content":{"rendered":"<p>MERCI DE LIRE ATTENTIVEMENT :<\/p>\n<p>1. Le paiement complet doit \u00eatre effectu\u00e9 au moins une semaine avant le d\u00e9but du cours afin de r\u00e9server votre place. S\u2019il reste des places, il est possible de s\u2019inscrire et de faire le paiement jusqu\u2019\u00e0 48 heures avant le d\u00e9but du cours.<\/p>\n<p>2. Les annulations doivent \u00eatre effectu\u00e9es au moins 48 heures avant le d\u00e9but du cours pour \u00eatre rembours\u00e9es. Si l\u2019annulation est faite moins de 48 heures avant le d\u00e9but du cours, il est possible d\u2019obtenir un cr\u00e9dit pour un prochain cours ou qu\u2019une autre personne participe au cours \u00e0 votre place.<\/p>\n<p>3. Si l\u2019annulation se fait avant 48 heures, une retenue de 10$ sera effectu\u00e9e sur des frais administratif et le reste du montant vous sera rembours\u00e9. Si l\u2019annulation est effectu\u00e9e moins de 48 heures avant le d\u00e9but du cours, il n\u2019y a pas de remboursement.<\/p>\n<p>4. Si je dois annuler un cours, le montant total vous sera rembours\u00e9 ou vous pourrez choisir de vous inscrire \u00e0 un prochain cours.<\/p>\n<p>5. S\u2019il vous pla\u00eet, lors de votre inscription veuillez m\u2019informer de toutes allergies ou intol\u00e9rances allimentaires ou je vous invite \u00e0 communiquer avec moi avant votre inscription si vous d\u00e9sirez en discuter.<\/p>\n<p>6. Veuillez vous assurer de me transmettre votre num\u00e9ro de t\u00e9l\u00e9phone pour que je puisse vous rejoindre.<\/p>\n<p>7. Vous \u00eates invit\u00e9 \u00e0 \u00eatre \u00e0 l\u2019heure pour le bon d\u00e9roulement du cours. Si vous arrivez en retard, je vous informerez plus tard de ce que vous aurez manqu\u00e9 comme informations.<\/p>\n<p>\u00c0 PROPOS DU D\u00c9ROULEMENT DU COURS<\/p>\n<p>1. La dur\u00e9e du cours est d\u2019environs 3 heures. Ce qui comprend le cours de cuisine indienne et la d\u00e9gustation du repas cuisin\u00e9 apr\u00e8s. Soyez \u00e0 l\u2019aise d\u2019apporter vin ou bi\u00e8re pour accompagner votre repas.<\/p>\n<p>2. Soyez \u00e0 l\u2019aise de quitter avant la fin du repas si vous devez le faire. Aussi, vous pouvez tout simplement apporter des contenants pour prendre vos portions avec vous et ainsi vous n\u2019avez pas \u00e0 manger avec les autres participants.<\/p>\n<p>Au sujet des portions, l\u2019inscription au cours vous permet de manger ou d\u2019apporter avec vous, si vous ne mangez pas sur place, une seule une portion. Ne vous attendez pas \u00e0 pouvoir apporter le reste du repas.<\/p>\n<p><strong>Bienvenue! Nous cuisinerons et apprendrons ensemble dans le plaisir! Namast\u00e9.<\/strong><\/p>\n","protected":false},"excerpt":{"rendered":"<p>MERCI DE LIRE ATTENTIVEMENT : 1. Le paiement complet doit \u00eatre effectu\u00e9 au moins une semaine avant le d\u00e9but du cours afin de r\u00e9server votre place. S\u2019il reste des places, il est possible de s\u2019inscrire et de faire le paiement jusqu\u2019\u00e0 48 heures avant le d\u00e9but du cours. 2. Les annulations doivent \u00eatre effectu\u00e9es au <a class=\"read-more\" href=\"https:\/\/www.veenago.com\/slurrrrp\/politiques-de-remboursement-et-autres-renseignements\/\">Read More<\/a><\/p>\n","protected":false},"author":1,"featured_media":0,"parent":0,"menu_order":0,"comment_status":"closed","ping_status":"closed","template":"","meta":{"footnotes":""},"class_list":["post-1609","page","type-page","status-publish","hentry"],"yoast_head":"<!-- This site is optimized with the Yoast SEO plugin v24.5 - https:\/\/yoast.com\/wordpress\/plugins\/seo\/ -->\n<title>Politiques de remboursement et autres renseignements - Miaaaam!<\/title>\n<meta name=\"robots\" content=\"index, follow, max-snippet:-1, max-image-preview:large, max-video-preview:-1\" \/>\n<link rel=\"canonical\" href=\"https:\/\/www.veenago.com\/slurrrrp\/politiques-de-remboursement-et-autres-renseignements\/\" \/>\n<meta property=\"og:locale\" content=\"en_US\" \/>\n<meta property=\"og:type\" content=\"article\" \/>\n<meta property=\"og:title\" content=\"Politiques de remboursement et autres renseignements - Miaaaam!\" \/>\n<meta property=\"og:description\" content=\"MERCI DE LIRE ATTENTIVEMENT : 1. Le paiement complet doit \u00eatre effectu\u00e9 au moins une semaine avant le d\u00e9but du cours afin de r\u00e9server votre place. S\u2019il reste des places, il est possible de s\u2019inscrire et de faire le paiement jusqu\u2019\u00e0 48 heures avant le d\u00e9but du cours. 2. Les annulations doivent \u00eatre effectu\u00e9es au Read More\" \/>\n<meta property=\"og:url\" content=\"https:\/\/www.veenago.com\/slurrrrp\/politiques-de-remboursement-et-autres-renseignements\/\" \/>\n<meta property=\"og:site_name\" content=\"Miaaaam!\" \/>\n<meta property=\"article:publisher\" content=\"https:\/\/www.facebook.com\/indiancookingcourse\" \/>\n<meta property=\"article:modified_time\" content=\"2025-02-23T16:21:08+00:00\" \/>\n<meta name=\"twitter:card\" content=\"summary_large_image\" \/>\n<meta name=\"twitter:site\" content=\"@veenago\" \/>\n<meta name=\"twitter:label1\" content=\"Est. reading time\" \/>\n\t<meta name=\"twitter:data1\" content=\"2 minutes\" \/>\n<script type=\"application\/ld+json\" class=\"yoast-schema-graph\">{\"@context\":\"https:\/\/schema.org\",\"@graph\":[{\"@type\":\"WebPage\",\"@id\":\"https:\/\/www.veenago.com\/slurrrrp\/politiques-de-remboursement-et-autres-renseignements\/\",\"url\":\"https:\/\/www.veenago.com\/slurrrrp\/politiques-de-remboursement-et-autres-renseignements\/\",\"name\":\"Politiques de remboursement et autres renseignements - Miaaaam!\",\"isPartOf\":{\"@id\":\"https:\/\/www.veenago.com\/slurrrrp\/#website\"},\"datePublished\":\"2017-08-17T15:21:01+00:00\",\"dateModified\":\"2025-02-23T16:21:08+00:00\",\"breadcrumb\":{\"@id\":\"https:\/\/www.veenago.com\/slurrrrp\/politiques-de-remboursement-et-autres-renseignements\/#breadcrumb\"},\"inLanguage\":\"en-US\",\"potentialAction\":[{\"@type\":\"ReadAction\",\"target\":[\"https:\/\/www.veenago.com\/slurrrrp\/politiques-de-remboursement-et-autres-renseignements\/\"]}]},{\"@type\":\"BreadcrumbList\",\"@id\":\"https:\/\/www.veenago.com\/slurrrrp\/politiques-de-remboursement-et-autres-renseignements\/#breadcrumb\",\"itemListElement\":[{\"@type\":\"ListItem\",\"position\":1,\"name\":\"Home\",\"item\":\"https:\/\/www.veenago.com\/slurrrrp\/\"},{\"@type\":\"ListItem\",\"position\":2,\"name\":\"Politiques de remboursement et autres renseignements\"}]},{\"@type\":\"WebSite\",\"@id\":\"https:\/\/www.veenago.com\/slurrrrp\/#website\",\"url\":\"https:\/\/www.veenago.com\/slurrrrp\/\",\"name\":\"Miaaaam!\",\"description\":\"cours de cuisine indienne, v\u00e9g\u00e9tarienne et facile\",\"potentialAction\":[{\"@type\":\"SearchAction\",\"target\":{\"@type\":\"EntryPoint\",\"urlTemplate\":\"https:\/\/www.veenago.com\/slurrrrp\/?s={search_term_string}\"},\"query-input\":{\"@type\":\"PropertyValueSpecification\",\"valueRequired\":true,\"valueName\":\"search_term_string\"}}],\"inLanguage\":\"en-US\"}]}<\/script>\n<!-- \/ Yoast SEO plugin. -->","yoast_head_json":{"title":"Politiques de remboursement et autres renseignements - Miaaaam!","robots":{"index":"index","follow":"follow","max-snippet":"max-snippet:-1","max-image-preview":"max-image-preview:large","max-video-preview":"max-video-preview:-1"},"canonical":"https:\/\/www.veenago.com\/slurrrrp\/politiques-de-remboursement-et-autres-renseignements\/","og_locale":"en_US","og_type":"article","og_title":"Politiques de remboursement et autres renseignements - Miaaaam!","og_description":"MERCI DE LIRE ATTENTIVEMENT : 1. Le paiement complet doit \u00eatre effectu\u00e9 au moins une semaine avant le d\u00e9but du cours afin de r\u00e9server votre place. S\u2019il reste des places, il est possible de s\u2019inscrire et de faire le paiement jusqu\u2019\u00e0 48 heures avant le d\u00e9but du cours. 2. Les annulations doivent \u00eatre effectu\u00e9es au Read More","og_url":"https:\/\/www.veenago.com\/slurrrrp\/politiques-de-remboursement-et-autres-renseignements\/","og_site_name":"Miaaaam!","article_publisher":"https:\/\/www.facebook.com\/indiancookingcourse","article_modified_time":"2025-02-23T16:21:08+00:00","twitter_card":"summary_large_image","twitter_site":"@veenago","twitter_misc":{"Est. reading time":"2 minutes"},"schema":{"@context":"https:\/\/schema.org","@graph":[{"@type":"WebPage","@id":"https:\/\/www.veenago.com\/slurrrrp\/politiques-de-remboursement-et-autres-renseignements\/","url":"https:\/\/www.veenago.com\/slurrrrp\/politiques-de-remboursement-et-autres-renseignements\/","name":"Politiques de remboursement et autres renseignements - Miaaaam!","isPartOf":{"@id":"https:\/\/www.veenago.com\/slurrrrp\/#website"},"datePublished":"2017-08-17T15:21:01+00:00","dateModified":"2025-02-23T16:21:08+00:00","breadcrumb":{"@id":"https:\/\/www.veenago.com\/slurrrrp\/politiques-de-remboursement-et-autres-renseignements\/#breadcrumb"},"inLanguage":"en-US","potentialAction":[{"@type":"ReadAction","target":["https:\/\/www.veenago.com\/slurrrrp\/politiques-de-remboursement-et-autres-renseignements\/"]}]},{"@type":"BreadcrumbList","@id":"https:\/\/www.veenago.com\/slurrrrp\/politiques-de-remboursement-et-autres-renseignements\/#breadcrumb","itemListElement":[{"@type":"ListItem","position":1,"name":"Home","item":"https:\/\/www.veenago.com\/slurrrrp\/"},{"@type":"ListItem","position":2,"name":"Politiques de remboursement et autres renseignements"}]},{"@type":"WebSite","@id":"https:\/\/www.veenago.com\/slurrrrp\/#website","url":"https:\/\/www.veenago.com\/slurrrrp\/","name":"Miaaaam!","description":"cours de cuisine indienne, v\u00e9g\u00e9tarienne et facile","potentialAction":[{"@type":"SearchAction","target":{"@type":"EntryPoint","urlTemplate":"https:\/\/www.veenago.com\/slurrrrp\/?s={search_term_string}"},"query-input":{"@type":"PropertyValueSpecification","valueRequired":true,"valueName":"search_term_string"}}],"inLanguage":"en-US"}]}},"_links":{"self":[{"href":"https:\/\/www.veenago.com\/slurrrrp\/wp-json\/wp\/v2\/pages\/1609","targetHints":{"allow":["GET"]}}],"collection":[{"href":"https:\/\/www.veenago.com\/slurrrrp\/wp-json\/wp\/v2\/pages"}],"about":[{"href":"https:\/\/www.veenago.com\/slurrrrp\/wp-json\/wp\/v2\/types\/page"}],"author":[{"embeddable":true,"href":"https:\/\/www.veenago.com\/slurrrrp\/wp-json\/wp\/v2\/users\/1"}],"replies":[{"embeddable":true,"href":"https:\/\/www.veenago.com\/slurrrrp\/wp-json\/wp\/v2\/comments?post=1609"}],"version-history":[{"count":2,"href":"https:\/\/www.veenago.com\/slurrrrp\/wp-json\/wp\/v2\/pages\/1609\/revisions"}],"predecessor-version":[{"id":2420,"href":"https:\/\/www.veenago.com\/slurrrrp\/wp-json\/wp\/v2\/pages\/1609\/revisions\/2420"}],"wp:attachment":[{"href":"https:\/\/www.veenago.com\/slurrrrp\/wp-json\/wp\/v2\/media?parent=1609"}],"curies":[{"name":"wp","href":"https:\/\/api.w.org\/{rel}","templated":true}]}}