{"id":1576,"date":"2015-07-21T20:20:39","date_gmt":"2015-07-22T00:20:39","guid":{"rendered":"http:\/\/www.veenago.com\/slurrrrp\/course-details\/"},"modified":"2025-02-23T11:21:39","modified_gmt":"2025-02-23T16:21:39","slug":"details-2","status":"publish","type":"page","link":"https:\/\/www.veenago.com\/slurrrrp\/details-2\/","title":{"rendered":"D\u00e9tails des cours"},"content":{"rendered":"<p>[vc_row][vc_column][vc_empty_space][\/vc_column][\/vc_row][vc_row][vc_column width=&#8221;1\/4&#8243;][vc_single_image image=&#8221;1298&#8243; img_size=&#8221;medium&#8221; alignment=&#8221;center&#8221; css_animation=&#8221;fadeInUp&#8221;][vc_single_image image=&#8221;1412&#8243; img_size=&#8221;full&#8221; alignment=&#8221;center&#8221; css_animation=&#8221;fadeInUp&#8221;][\/vc_column][vc_column width=&#8221;1\/2&#8243;][info_box]<\/p>\n<ul>\n<li>Dur\u00e9e de cours: 3 heures; cuisiner 3 plats, manger un repas, rentrer \u00e0 la maison heureux!<\/li>\n<li>Apprenez \u00e0 conna\u00eetre les \u00e9pices indiennes et les techniques de cuisson cl\u00e9 comme les frire<\/li>\n<li>Recevez des recettes d\u00e9taill\u00e9es et une liste d&#8217;\u00e9piceries indiennes o\u00f9 vous pouvez acheter des ingr\u00e9dients indiens \u00e0 un prix abordable.<\/li>\n<\/ul>\n<p>[\/info_box][vc_column_text]<em><strong><span lang=\"FR-CA\">LES ESSENTIELS<\/span><\/strong><\/em><\/p>\n<p><span lang=\"FR-CA\">Les menus comprennent des entr\u00e9es, des dals (plats de lentilles), des casse-cro\u00fbts<em>,<\/em> des plats principals, des menus de style \u00abthali\u00bb, des chutneys, des salades, des desserts, des boissons, de la nourriture de rue et plus encore. (Nous cuisinons 3 plats par cours.)<\/span><\/p>\n<p><span lang=\"FR-CA\">Pr\u00e9inscription et pr\u00e9paiement sont requis au moins 2 jours avant la classe, id\u00e9alement <strong>une semaine \u00e0 l&#8217;avance<\/strong>. Paiement par virement interac \u00e0 veenago@gmail.com. J&#8217;ai \u00e9galement besoin de <strong>conna\u00eetre les allergies alimentaires et les intol\u00e9rances<\/strong> au moment de l&#8217;enregistrement.<\/span><\/p>\n<p><strong><a href=\"https:\/\/www.facebook.com\/pg\/indiancookingcourse\/events\/?ref=page_internal\">Voyez les \u00e9v\u00e9nements pour les cours en cours!<\/a><\/strong><\/p>\n<p><strong><a href=\"https:\/\/www.veenago.com\/slurrrrp\/fr\/options\/\">Comment prendre un cours priv\u00e9.<\/a><\/strong><\/p>\n<p>[\/vc_column_text][\/vc_column][vc_column width=&#8221;1\/4&#8243;][vc_single_image image=&#8221;1540&#8243; img_size=&#8221;medium&#8221; alignment=&#8221;center&#8221; css_animation=&#8221;fadeInUp&#8221;][vc_single_image image=&#8221;1301&#8243; img_size=&#8221;medium&#8221; alignment=&#8221;center&#8221; css_animation=&#8221;fadeInUp&#8221;][vc_single_image image=&#8221;1302&#8243; img_size=&#8221;medium&#8221; alignment=&#8221;center&#8221; css_animation=&#8221;fadeInUp&#8221;][\/vc_column][\/vc_row]<\/p>\n","protected":false},"excerpt":{"rendered":"<p>[vc_row][vc_column][vc_empty_space][\/vc_column][\/vc_row][vc_row][vc_column width=&#8221;1\/4&#8243;][vc_single_image image=&#8221;1298&#8243; img_size=&#8221;medium&#8221; alignment=&#8221;center&#8221; css_animation=&#8221;fadeInUp&#8221;][vc_single_image image=&#8221;1412&#8243; img_size=&#8221;full&#8221; alignment=&#8221;center&#8221; css_animation=&#8221;fadeInUp&#8221;][\/vc_column][vc_column width=&#8221;1\/2&#8243;][info_box] Dur\u00e9e de cours: 3 heures; cuisiner 3 plats, manger un repas, rentrer \u00e0 la maison heureux! Apprenez \u00e0 conna\u00eetre les \u00e9pices indiennes et les techniques de cuisson cl\u00e9 comme les frire Recevez des recettes d\u00e9taill\u00e9es et une liste d&#8217;\u00e9piceries indiennes o\u00f9 vous pouvez acheter <a class=\"read-more\" href=\"https:\/\/www.veenago.com\/slurrrrp\/details-2\/\">Read More<\/a><\/p>\n","protected":false},"author":1,"featured_media":0,"parent":0,"menu_order":2,"comment_status":"open","ping_status":"closed","template":"","meta":{"footnotes":""},"class_list":["post-1576","page","type-page","status-publish","hentry"],"yoast_head":"<!-- This site is optimized with the Yoast SEO plugin v24.5 - https:\/\/yoast.com\/wordpress\/plugins\/seo\/ -->\n<title>D\u00e9tails des cours - Miaaaam!<\/title>\n<meta name=\"robots\" content=\"index, follow, max-snippet:-1, max-image-preview:large, max-video-preview:-1\" \/>\n<link rel=\"canonical\" href=\"https:\/\/www.veenago.com\/slurrrrp\/details-2\/\" \/>\n<meta property=\"og:locale\" content=\"en_US\" \/>\n<meta property=\"og:type\" content=\"article\" \/>\n<meta property=\"og:title\" content=\"D\u00e9tails des cours - Miaaaam!\" \/>\n<meta property=\"og:description\" content=\"[vc_row][vc_column][vc_empty_space][\/vc_column][\/vc_row][vc_row][vc_column width=&#8221;1\/4&#8243;][vc_single_image image=&#8221;1298&#8243; img_size=&#8221;medium&#8221; alignment=&#8221;center&#8221; css_animation=&#8221;fadeInUp&#8221;][vc_single_image image=&#8221;1412&#8243; img_size=&#8221;full&#8221; alignment=&#8221;center&#8221; css_animation=&#8221;fadeInUp&#8221;][\/vc_column][vc_column width=&#8221;1\/2&#8243;][info_box] Dur\u00e9e de cours: 3 heures; cuisiner 3 plats, manger un repas, rentrer \u00e0 la maison heureux! Apprenez \u00e0 conna\u00eetre les \u00e9pices indiennes et les techniques de cuisson cl\u00e9 comme les frire Recevez des recettes d\u00e9taill\u00e9es et une liste d&#8217;\u00e9piceries indiennes o\u00f9 vous pouvez acheter Read More\" \/>\n<meta property=\"og:url\" content=\"https:\/\/www.veenago.com\/slurrrrp\/details-2\/\" \/>\n<meta property=\"og:site_name\" content=\"Miaaaam!\" \/>\n<meta property=\"article:publisher\" content=\"https:\/\/www.facebook.com\/indiancookingcourse\" \/>\n<meta property=\"article:modified_time\" content=\"2025-02-23T16:21:39+00:00\" \/>\n<meta name=\"twitter:card\" content=\"summary_large_image\" \/>\n<meta name=\"twitter:site\" content=\"@veenago\" \/>\n<meta name=\"twitter:label1\" content=\"Est. reading time\" \/>\n\t<meta name=\"twitter:data1\" content=\"1 minute\" \/>\n<script type=\"application\/ld+json\" class=\"yoast-schema-graph\">{\"@context\":\"https:\/\/schema.org\",\"@graph\":[{\"@type\":\"WebPage\",\"@id\":\"https:\/\/www.veenago.com\/slurrrrp\/details-2\/\",\"url\":\"https:\/\/www.veenago.com\/slurrrrp\/details-2\/\",\"name\":\"D\u00e9tails des cours - Miaaaam!\",\"isPartOf\":{\"@id\":\"https:\/\/www.veenago.com\/slurrrrp\/#website\"},\"datePublished\":\"2015-07-22T00:20:39+00:00\",\"dateModified\":\"2025-02-23T16:21:39+00:00\",\"breadcrumb\":{\"@id\":\"https:\/\/www.veenago.com\/slurrrrp\/details-2\/#breadcrumb\"},\"inLanguage\":\"en-US\",\"potentialAction\":[{\"@type\":\"ReadAction\",\"target\":[\"https:\/\/www.veenago.com\/slurrrrp\/details-2\/\"]}]},{\"@type\":\"BreadcrumbList\",\"@id\":\"https:\/\/www.veenago.com\/slurrrrp\/details-2\/#breadcrumb\",\"itemListElement\":[{\"@type\":\"ListItem\",\"position\":1,\"name\":\"Home\",\"item\":\"https:\/\/www.veenago.com\/slurrrrp\/\"},{\"@type\":\"ListItem\",\"position\":2,\"name\":\"D\u00e9tails des cours\"}]},{\"@type\":\"WebSite\",\"@id\":\"https:\/\/www.veenago.com\/slurrrrp\/#website\",\"url\":\"https:\/\/www.veenago.com\/slurrrrp\/\",\"name\":\"Miaaaam!\",\"description\":\"cours de cuisine indienne, v\u00e9g\u00e9tarienne et facile\",\"potentialAction\":[{\"@type\":\"SearchAction\",\"target\":{\"@type\":\"EntryPoint\",\"urlTemplate\":\"https:\/\/www.veenago.com\/slurrrrp\/?s={search_term_string}\"},\"query-input\":{\"@type\":\"PropertyValueSpecification\",\"valueRequired\":true,\"valueName\":\"search_term_string\"}}],\"inLanguage\":\"en-US\"}]}<\/script>\n<!-- \/ Yoast SEO plugin. -->","yoast_head_json":{"title":"D\u00e9tails des cours - Miaaaam!","robots":{"index":"index","follow":"follow","max-snippet":"max-snippet:-1","max-image-preview":"max-image-preview:large","max-video-preview":"max-video-preview:-1"},"canonical":"https:\/\/www.veenago.com\/slurrrrp\/details-2\/","og_locale":"en_US","og_type":"article","og_title":"D\u00e9tails des cours - Miaaaam!","og_description":"[vc_row][vc_column][vc_empty_space][\/vc_column][\/vc_row][vc_row][vc_column width=&#8221;1\/4&#8243;][vc_single_image image=&#8221;1298&#8243; img_size=&#8221;medium&#8221; alignment=&#8221;center&#8221; css_animation=&#8221;fadeInUp&#8221;][vc_single_image image=&#8221;1412&#8243; img_size=&#8221;full&#8221; alignment=&#8221;center&#8221; css_animation=&#8221;fadeInUp&#8221;][\/vc_column][vc_column width=&#8221;1\/2&#8243;][info_box] Dur\u00e9e de cours: 3 heures; cuisiner 3 plats, manger un repas, rentrer \u00e0 la maison heureux! Apprenez \u00e0 conna\u00eetre les \u00e9pices indiennes et les techniques de cuisson cl\u00e9 comme les frire Recevez des recettes d\u00e9taill\u00e9es et une liste d&#8217;\u00e9piceries indiennes o\u00f9 vous pouvez acheter Read More","og_url":"https:\/\/www.veenago.com\/slurrrrp\/details-2\/","og_site_name":"Miaaaam!","article_publisher":"https:\/\/www.facebook.com\/indiancookingcourse","article_modified_time":"2025-02-23T16:21:39+00:00","twitter_card":"summary_large_image","twitter_site":"@veenago","twitter_misc":{"Est. reading time":"1 minute"},"schema":{"@context":"https:\/\/schema.org","@graph":[{"@type":"WebPage","@id":"https:\/\/www.veenago.com\/slurrrrp\/details-2\/","url":"https:\/\/www.veenago.com\/slurrrrp\/details-2\/","name":"D\u00e9tails des cours - Miaaaam!","isPartOf":{"@id":"https:\/\/www.veenago.com\/slurrrrp\/#website"},"datePublished":"2015-07-22T00:20:39+00:00","dateModified":"2025-02-23T16:21:39+00:00","breadcrumb":{"@id":"https:\/\/www.veenago.com\/slurrrrp\/details-2\/#breadcrumb"},"inLanguage":"en-US","potentialAction":[{"@type":"ReadAction","target":["https:\/\/www.veenago.com\/slurrrrp\/details-2\/"]}]},{"@type":"BreadcrumbList","@id":"https:\/\/www.veenago.com\/slurrrrp\/details-2\/#breadcrumb","itemListElement":[{"@type":"ListItem","position":1,"name":"Home","item":"https:\/\/www.veenago.com\/slurrrrp\/"},{"@type":"ListItem","position":2,"name":"D\u00e9tails des cours"}]},{"@type":"WebSite","@id":"https:\/\/www.veenago.com\/slurrrrp\/#website","url":"https:\/\/www.veenago.com\/slurrrrp\/","name":"Miaaaam!","description":"cours de cuisine indienne, v\u00e9g\u00e9tarienne et facile","potentialAction":[{"@type":"SearchAction","target":{"@type":"EntryPoint","urlTemplate":"https:\/\/www.veenago.com\/slurrrrp\/?s={search_term_string}"},"query-input":{"@type":"PropertyValueSpecification","valueRequired":true,"valueName":"search_term_string"}}],"inLanguage":"en-US"}]}},"_links":{"self":[{"href":"https:\/\/www.veenago.com\/slurrrrp\/wp-json\/wp\/v2\/pages\/1576","targetHints":{"allow":["GET"]}}],"collection":[{"href":"https:\/\/www.veenago.com\/slurrrrp\/wp-json\/wp\/v2\/pages"}],"about":[{"href":"https:\/\/www.veenago.com\/slurrrrp\/wp-json\/wp\/v2\/types\/page"}],"author":[{"embeddable":true,"href":"https:\/\/www.veenago.com\/slurrrrp\/wp-json\/wp\/v2\/users\/1"}],"replies":[{"embeddable":true,"href":"https:\/\/www.veenago.com\/slurrrrp\/wp-json\/wp\/v2\/comments?post=1576"}],"version-history":[{"count":14,"href":"https:\/\/www.veenago.com\/slurrrrp\/wp-json\/wp\/v2\/pages\/1576\/revisions"}],"predecessor-version":[{"id":2181,"href":"https:\/\/www.veenago.com\/slurrrrp\/wp-json\/wp\/v2\/pages\/1576\/revisions\/2181"}],"wp:attachment":[{"href":"https:\/\/www.veenago.com\/slurrrrp\/wp-json\/wp\/v2\/media?parent=1576"}],"curies":[{"name":"wp","href":"https:\/\/api.w.org\/{rel}","templated":true}]}}