{"id":1566,"date":"2018-02-02T02:54:54","date_gmt":"2018-02-02T07:54:54","guid":{"rendered":"http:\/\/www.veenago.com\/slurrrrp\/your-teacher\/"},"modified":"2025-02-23T11:21:33","modified_gmt":"2025-02-23T16:21:33","slug":"votre-professeure-2","status":"publish","type":"page","link":"https:\/\/www.veenago.com\/slurrrrp\/votre-professeure-2\/","title":{"rendered":"Votre professeure"},"content":{"rendered":"<p>[vc_row][vc_column][vc_empty_space][\/vc_column][\/vc_row][vc_row][vc_column width=&#8221;1\/4&#8243;][vc_single_image image=&#8221;1414&#8243; img_size=&#8221;full&#8221; alignment=&#8221;center&#8221; css_animation=&#8221;fadeInUp&#8221;][vc_single_image image=&#8221;1305&#8243; img_size=&#8221;medium&#8221; alignment=&#8221;center&#8221; css_animation=&#8221;fadeInUp&#8221;][\/vc_column][vc_column width=&#8221;1\/2&#8243;][info_box]<\/p>\n<ul>\n<li>Une approche pratique, sans chichi, et des r\u00e9sultats toujours d\u00e9licieux<\/li>\n<li>C\u2019est important que vous vous amusiez quand vous cuisinez Indien<\/li>\n<li>La nourriture saine indienne est \u00e9tonnamment savoureuse. Laissez les \u00e9pices faire leur magie.<\/li>\n<\/ul>\n<p>[\/info_box][vc_column_text]<span lang=\"FR-CA\">Je m\u2019appelle Veena. Je suis une professeure de cuisine indienne et aussi une \u00e9crivaine. <\/span><\/p>\n<p>N\u00e9e dans une famille v\u00e9g\u00e9tarienne, j&#8217;ai v\u00e9cu dans plusieurs villes indiennes et profit\u00e9 d&#8217;une gamme de cuisines r\u00e9gionales. Allant de plats de cuisine familiale typique, tels cr\u00eapes \u00e0 base de lentilles et de riz&nbsp;farcies des l\u00e9gumes&nbsp;\u00e9pic\u00e9es, appel\u00e9es <em>dosa<\/em>, du sud de l\u2019Inde; ou&nbsp;<em>bhakri-pithle<\/em>, un pain plat de millet perl\u00e9 servi avec une pot\u00e9e \u00e0 base de farine de pois chiche; allant jusqu&#8217;\u00e0 des caris complexes qui ornent les tables de la royaut\u00e9, avec toutes sortes des chutneys et autres accompagnements&nbsp; &#8212; l&#8217;Inde est un veritable oc\u00e9an de d\u00e9lices culinaires.<\/p>\n<p>Je suis venue au Canada apr\u00e8s avoir \u00e9t\u00e9 journaliste dans la presse anglophone \u00e0 Bombay \/ Mumbai; et apr\u00e8s avoir fait une ma\u00eetrise, j&#8217;ai travaill\u00e9 avec des organismes sans but lucratif.<\/p>\n<p><strong>Le plus important : &nbsp;j&#8217;ai commenc\u00e9 \u00e0 cuisiner tout de suite&nbsp;apr\u00e8s je suis arriv\u00e9e au Canada en 1990! La&nbsp;nourriture indienne m&#8217;a manqu\u00e9e \u00e9norm\u00e9ment.&nbsp;<\/strong>Ce fut un long voyage savoureux qui m\u2019a permis de cuisiner tous les types de nourriture v\u00e9g\u00e9tarienne et maitriser une vari\u00e9t\u00e9s de plats indiens.<\/p>\n<p>J&#8217;ai suivi mon partenaire qu\u00e9b\u00e9cois \u00e0 Montr\u00e9al et j&#8217;ai d\u00e9cid\u00e9, en 2015, de m&#8217;essayer \u00e0 donner des cours de cuisine indienne. Cette nourriture est bien appr\u00e9ci\u00e9e, et j&#8217;avais d\u00e9j\u00e0 de l&#8217;exp\u00e9rience d&#8217;enseignement dans d&#8217;autres domaines. Je voulais que les gens explorent le merveilleux monde des \u00e9pices et qu&#8217;ils d\u00e9couvrent des superbes options indiennes v\u00e9g\u00e9tariennes. Nourriture saine = plan\u00e8te saine. N&#8217;est pas?<\/p>\n<p>J&#8217;y suis toujours, gr\u00e2ce \u00e0 l&#8217;int\u00e9r\u00eat et aux encouragements des \u00e9tudiants et des amis.<\/p>\n<p>Un peu d&#8217;infos pratiques: J\u2019ai aussi&nbsp;<u><a href=\"http:\/\/www.veenago.com\/slurrrrp\/wp-content\/uploads\/2018\/06\/Food_Hygiene_Certificate.pdf\" target=\"_blank\" rel=\"noopener\">l\u2019attestation en hygi\u00e8ne et de salubrit\u00e9<\/a><\/u>&nbsp;alimentaire du minist\u00e8re de l\u2019Agriculture des P\u00eacheries et de l\u2019Alimentation du Qu\u00e9bec (MAPAQ).<\/p>\n<p><strong>Bienvenue. Welcome.&nbsp;<em>Aap ka swagat hai.<\/em><\/strong>[\/vc_column_text][\/vc_column][vc_column width=&#8221;1\/4&#8243;][vc_single_image image=&#8221;1306&#8243; img_size=&#8221;medium&#8221; alignment=&#8221;center&#8221; css_animation=&#8221;fadeInUp&#8221;][vc_single_image image=&#8221;1415&#8243; img_size=&#8221;medium&#8221; alignment=&#8221;center&#8221; css_animation=&#8221;fadeInUp&#8221;][vc_single_image image=&#8221;1308&#8243; img_size=&#8221;medium&#8221; alignment=&#8221;center&#8221; css_animation=&#8221;fadeInUp&#8221;][\/vc_column][\/vc_row]<\/p>\n","protected":false},"excerpt":{"rendered":"<p>[vc_row][vc_column][vc_empty_space][\/vc_column][\/vc_row][vc_row][vc_column width=&#8221;1\/4&#8243;][vc_single_image image=&#8221;1414&#8243; img_size=&#8221;full&#8221; alignment=&#8221;center&#8221; css_animation=&#8221;fadeInUp&#8221;][vc_single_image image=&#8221;1305&#8243; img_size=&#8221;medium&#8221; alignment=&#8221;center&#8221; css_animation=&#8221;fadeInUp&#8221;][\/vc_column][vc_column width=&#8221;1\/2&#8243;][info_box] Une approche pratique, sans chichi, et des r\u00e9sultats toujours d\u00e9licieux C\u2019est important que vous vous amusiez quand vous cuisinez Indien La nourriture saine indienne est \u00e9tonnamment savoureuse. Laissez les \u00e9pices faire leur magie. [\/info_box][vc_column_text]Je m\u2019appelle Veena. Je suis une professeure de cuisine indienne et <a class=\"read-more\" href=\"https:\/\/www.veenago.com\/slurrrrp\/votre-professeure-2\/\">Read More<\/a><\/p>\n","protected":false},"author":18,"featured_media":0,"parent":0,"menu_order":0,"comment_status":"closed","ping_status":"closed","template":"","meta":{"footnotes":""},"class_list":["post-1566","page","type-page","status-publish","hentry"],"yoast_head":"<!-- This site is optimized with the Yoast SEO plugin v24.5 - https:\/\/yoast.com\/wordpress\/plugins\/seo\/ -->\n<title>Votre professeure - Miaaaam!<\/title>\n<meta name=\"robots\" content=\"index, follow, max-snippet:-1, max-image-preview:large, max-video-preview:-1\" \/>\n<link rel=\"canonical\" href=\"https:\/\/www.veenago.com\/slurrrrp\/votre-professeure-2\/\" \/>\n<meta property=\"og:locale\" content=\"en_US\" \/>\n<meta property=\"og:type\" content=\"article\" \/>\n<meta property=\"og:title\" content=\"Votre professeure - Miaaaam!\" \/>\n<meta property=\"og:description\" content=\"[vc_row][vc_column][vc_empty_space][\/vc_column][\/vc_row][vc_row][vc_column width=&#8221;1\/4&#8243;][vc_single_image image=&#8221;1414&#8243; img_size=&#8221;full&#8221; alignment=&#8221;center&#8221; css_animation=&#8221;fadeInUp&#8221;][vc_single_image image=&#8221;1305&#8243; img_size=&#8221;medium&#8221; alignment=&#8221;center&#8221; css_animation=&#8221;fadeInUp&#8221;][\/vc_column][vc_column width=&#8221;1\/2&#8243;][info_box] Une approche pratique, sans chichi, et des r\u00e9sultats toujours d\u00e9licieux C\u2019est important que vous vous amusiez quand vous cuisinez Indien La nourriture saine indienne est \u00e9tonnamment savoureuse. Laissez les \u00e9pices faire leur magie. [\/info_box][vc_column_text]Je m\u2019appelle Veena. Je suis une professeure de cuisine indienne et Read More\" \/>\n<meta property=\"og:url\" content=\"https:\/\/www.veenago.com\/slurrrrp\/votre-professeure-2\/\" \/>\n<meta property=\"og:site_name\" content=\"Miaaaam!\" \/>\n<meta property=\"article:publisher\" content=\"https:\/\/www.facebook.com\/indiancookingcourse\" \/>\n<meta property=\"article:modified_time\" content=\"2025-02-23T16:21:33+00:00\" \/>\n<meta name=\"twitter:card\" content=\"summary_large_image\" \/>\n<meta name=\"twitter:site\" content=\"@veenago\" \/>\n<meta name=\"twitter:label1\" content=\"Est. reading time\" \/>\n\t<meta name=\"twitter:data1\" content=\"2 minutes\" \/>\n<script type=\"application\/ld+json\" class=\"yoast-schema-graph\">{\"@context\":\"https:\/\/schema.org\",\"@graph\":[{\"@type\":\"WebPage\",\"@id\":\"https:\/\/www.veenago.com\/slurrrrp\/votre-professeure-2\/\",\"url\":\"https:\/\/www.veenago.com\/slurrrrp\/votre-professeure-2\/\",\"name\":\"Votre professeure - Miaaaam!\",\"isPartOf\":{\"@id\":\"https:\/\/www.veenago.com\/slurrrrp\/#website\"},\"datePublished\":\"2018-02-02T07:54:54+00:00\",\"dateModified\":\"2025-02-23T16:21:33+00:00\",\"breadcrumb\":{\"@id\":\"https:\/\/www.veenago.com\/slurrrrp\/votre-professeure-2\/#breadcrumb\"},\"inLanguage\":\"en-US\",\"potentialAction\":[{\"@type\":\"ReadAction\",\"target\":[\"https:\/\/www.veenago.com\/slurrrrp\/votre-professeure-2\/\"]}]},{\"@type\":\"BreadcrumbList\",\"@id\":\"https:\/\/www.veenago.com\/slurrrrp\/votre-professeure-2\/#breadcrumb\",\"itemListElement\":[{\"@type\":\"ListItem\",\"position\":1,\"name\":\"Home\",\"item\":\"https:\/\/www.veenago.com\/slurrrrp\/\"},{\"@type\":\"ListItem\",\"position\":2,\"name\":\"Votre professeure\"}]},{\"@type\":\"WebSite\",\"@id\":\"https:\/\/www.veenago.com\/slurrrrp\/#website\",\"url\":\"https:\/\/www.veenago.com\/slurrrrp\/\",\"name\":\"Miaaaam!\",\"description\":\"cours de cuisine indienne, v\u00e9g\u00e9tarienne et facile\",\"potentialAction\":[{\"@type\":\"SearchAction\",\"target\":{\"@type\":\"EntryPoint\",\"urlTemplate\":\"https:\/\/www.veenago.com\/slurrrrp\/?s={search_term_string}\"},\"query-input\":{\"@type\":\"PropertyValueSpecification\",\"valueRequired\":true,\"valueName\":\"search_term_string\"}}],\"inLanguage\":\"en-US\"}]}<\/script>\n<!-- \/ Yoast SEO plugin. -->","yoast_head_json":{"title":"Votre professeure - Miaaaam!","robots":{"index":"index","follow":"follow","max-snippet":"max-snippet:-1","max-image-preview":"max-image-preview:large","max-video-preview":"max-video-preview:-1"},"canonical":"https:\/\/www.veenago.com\/slurrrrp\/votre-professeure-2\/","og_locale":"en_US","og_type":"article","og_title":"Votre professeure - Miaaaam!","og_description":"[vc_row][vc_column][vc_empty_space][\/vc_column][\/vc_row][vc_row][vc_column width=&#8221;1\/4&#8243;][vc_single_image image=&#8221;1414&#8243; img_size=&#8221;full&#8221; alignment=&#8221;center&#8221; css_animation=&#8221;fadeInUp&#8221;][vc_single_image image=&#8221;1305&#8243; img_size=&#8221;medium&#8221; alignment=&#8221;center&#8221; css_animation=&#8221;fadeInUp&#8221;][\/vc_column][vc_column width=&#8221;1\/2&#8243;][info_box] Une approche pratique, sans chichi, et des r\u00e9sultats toujours d\u00e9licieux C\u2019est important que vous vous amusiez quand vous cuisinez Indien La nourriture saine indienne est \u00e9tonnamment savoureuse. Laissez les \u00e9pices faire leur magie. [\/info_box][vc_column_text]Je m\u2019appelle Veena. Je suis une professeure de cuisine indienne et Read More","og_url":"https:\/\/www.veenago.com\/slurrrrp\/votre-professeure-2\/","og_site_name":"Miaaaam!","article_publisher":"https:\/\/www.facebook.com\/indiancookingcourse","article_modified_time":"2025-02-23T16:21:33+00:00","twitter_card":"summary_large_image","twitter_site":"@veenago","twitter_misc":{"Est. reading time":"2 minutes"},"schema":{"@context":"https:\/\/schema.org","@graph":[{"@type":"WebPage","@id":"https:\/\/www.veenago.com\/slurrrrp\/votre-professeure-2\/","url":"https:\/\/www.veenago.com\/slurrrrp\/votre-professeure-2\/","name":"Votre professeure - Miaaaam!","isPartOf":{"@id":"https:\/\/www.veenago.com\/slurrrrp\/#website"},"datePublished":"2018-02-02T07:54:54+00:00","dateModified":"2025-02-23T16:21:33+00:00","breadcrumb":{"@id":"https:\/\/www.veenago.com\/slurrrrp\/votre-professeure-2\/#breadcrumb"},"inLanguage":"en-US","potentialAction":[{"@type":"ReadAction","target":["https:\/\/www.veenago.com\/slurrrrp\/votre-professeure-2\/"]}]},{"@type":"BreadcrumbList","@id":"https:\/\/www.veenago.com\/slurrrrp\/votre-professeure-2\/#breadcrumb","itemListElement":[{"@type":"ListItem","position":1,"name":"Home","item":"https:\/\/www.veenago.com\/slurrrrp\/"},{"@type":"ListItem","position":2,"name":"Votre professeure"}]},{"@type":"WebSite","@id":"https:\/\/www.veenago.com\/slurrrrp\/#website","url":"https:\/\/www.veenago.com\/slurrrrp\/","name":"Miaaaam!","description":"cours de cuisine indienne, v\u00e9g\u00e9tarienne et facile","potentialAction":[{"@type":"SearchAction","target":{"@type":"EntryPoint","urlTemplate":"https:\/\/www.veenago.com\/slurrrrp\/?s={search_term_string}"},"query-input":{"@type":"PropertyValueSpecification","valueRequired":true,"valueName":"search_term_string"}}],"inLanguage":"en-US"}]}},"_links":{"self":[{"href":"https:\/\/www.veenago.com\/slurrrrp\/wp-json\/wp\/v2\/pages\/1566","targetHints":{"allow":["GET"]}}],"collection":[{"href":"https:\/\/www.veenago.com\/slurrrrp\/wp-json\/wp\/v2\/pages"}],"about":[{"href":"https:\/\/www.veenago.com\/slurrrrp\/wp-json\/wp\/v2\/types\/page"}],"author":[{"embeddable":true,"href":"https:\/\/www.veenago.com\/slurrrrp\/wp-json\/wp\/v2\/users\/18"}],"replies":[{"embeddable":true,"href":"https:\/\/www.veenago.com\/slurrrrp\/wp-json\/wp\/v2\/comments?post=1566"}],"version-history":[{"count":7,"href":"https:\/\/www.veenago.com\/slurrrrp\/wp-json\/wp\/v2\/pages\/1566\/revisions"}],"predecessor-version":[{"id":2626,"href":"https:\/\/www.veenago.com\/slurrrrp\/wp-json\/wp\/v2\/pages\/1566\/revisions\/2626"}],"wp:attachment":[{"href":"https:\/\/www.veenago.com\/slurrrrp\/wp-json\/wp\/v2\/media?parent=1566"}],"curies":[{"name":"wp","href":"https:\/\/api.w.org\/{rel}","templated":true}]}}