{"id":1432,"date":"2017-06-07T14:48:34","date_gmt":"2017-06-07T18:48:34","guid":{"rendered":"http:\/\/www.veenago.com\/slurrrrp\/stories\/"},"modified":"2025-02-23T11:27:46","modified_gmt":"2025-02-23T16:27:46","slug":"stories-3","status":"publish","type":"page","link":"https:\/\/www.veenago.com\/slurrrrp\/stories-3\/","title":{"rendered":"Cuisine et culture"},"content":{"rendered":"<p>[vc_row][vc_column][vc_empty_space][\/vc_column][\/vc_row][vc_row][vc_column width=&#8221;1\/4&#8243;][vc_single_image image=&#8221;1424&#8243; img_size=&#8221;full&#8221; alignment=&#8221;center&#8221; css_animation=&#8221;fadeInUp&#8221;][vc_single_image image=&#8221;1466&#8243; img_size=&#8221;medium&#8221; alignment=&#8221;center&#8221; css_animation=&#8221;fadeInUp&#8221;][\/vc_column][vc_column width=&#8221;1\/2&#8243;][vc_column_text]Le contexte culturel pour une cuisine est important, int\u00e9ressant et incontournable.<\/p>\n<p>Je donne les cours de cuisine indienne, j\u2019adore les \u00e9pices et je suis une \u00e9crivaine. J&#8217;aime particuli\u00e8rement \u00e9crire et lire la fiction. Je suis fascin\u00e9 par les liens entre la cuisine et la culture. <strong>J\u2019ai trouv\u00e9 quelques l\u00e9gendes et mythes indiens li\u00e9s avec la nourriture indienne et j\u2019ai commenc\u00e9 les raconter dans mes propres mots. <\/strong><span lang=\"FR-CA\">L\u2019Inde, un pays qui a cr\u00e9\u00e9 une cuisine complexe, vari\u00e9e et d\u00e9licieuse est \u00e9galement riche de sa culture et de ses histoires, ses mythes et ses l\u00e9gendes.<\/span><\/p>\n<p>J\u2019ai choisi comme mon inspiration <strong>Annapurna, la d\u00e9esse hindoue de la nourriture<\/strong>. Il y a un mythe de sa naissance que j&#8217;ai trouv\u00e9 int\u00e9ressante. J\u2019\u00e9tais inspir\u00e9e par <strong>une parabole bouddhiste<\/strong>. Dans cette histoire, Kisa Gotami, une jeune m\u00e8re, est envoy\u00e9e par le Bouddha pour recueillir <strong>trois grains de moutarde<\/strong>. Pourquoi? Eh bien, c&#8217;est l&#8217;histoire, et il y a toutes sortes des autres contes.<\/p>\n<p>Ainsi, j\u2019ai commenc\u00e9 de rechercher des mythes et l\u00e9gendes li\u00e9es avec la nourriture dans les autres cultures.<\/p>\n<p>Depuis 2017, j\u2019ai d\u00e9velopp\u00e9 un \u00e9v\u00e9nement multidimensionnel, multisensoriel et interactif\u00a0intitule <strong><em>Sizzling Spices, Sacred Stories<\/em> en anglais et <em>\u00c9pices et contes \u00e9piques indiens<\/em> en fran\u00e7ais.<\/strong> Il comprend d\u2019une <strong>pr\u00e9sentation informative, audiovisuelle sur les \u00e9pices et la cuisine indienne, ainsi que la narration des l\u00e9gendes indiennes li\u00e9es \u00e0 l\u2019alimentation. <\/strong>Il y a aussi une <strong>exposition des \u00e9pices pour les voir, sentir et go\u00fbter. Une d\u00e9gustation de hors-d\u2019\u0153uvre indiens <\/strong>peut \u00eatre incluse. Et <strong>la musique indienne<\/strong> joue pendant l\u2019\u00e9v\u00e9nement.<\/p>\n<p>Voir les photos de <em><a href=\"https:\/\/goo.gl\/photos\/HoMhaquV4Ayi3bWG8\">&#8220;Sizzling Spices, Sacred Stories\u201d<\/a><\/em>\u00a0qui\u00a0a eu lieu au Festival Acc\u00e8s Asie, Montr\u00e9al, en 2017.\u00a0Voici l\u2019article paru dans le Devoir &#8220;<a href=\"http:\/\/www.ledevoir.com\/plaisirs\/alimentation\/500104\/bienvenue-chez-annapurna-deesse-indienne-des-aliments\">\u201cBienvenue chez Annapurna, d\u00e9esse indienne des aliments\u201d<\/a> au sujet de cet \u00e9v\u00e9nement. <em>\u00c9pices et contes \u00e9piques indiens<\/em> a eu lieu au Festival\u00a0des traditions du monde de Sherbrooke, 2019.<\/p>\n<p>Contactez moi si vous d\u00e9sirez organiser un \u00e9v\u00e9nement semblable \u00e0 la maison, dans un centre communautaire, un festival, un restaurant ou caf\u00e9, un studio de yoga ou tout autre contexte. C&#8217;est une exp\u00e9rience unique et enrichissante.<\/p>\n<p>[\/vc_column_text][\/vc_column][vc_column width=&#8221;1\/4&#8243;][vc_single_image image=&#8221;1425&#8243; img_size=&#8221;medium&#8221; alignment=&#8221;center&#8221; css_animation=&#8221;fadeInUp&#8221;][vc_single_image image=&#8221;1426&#8243; img_size=&#8221;medium&#8221; alignment=&#8221;center&#8221; css_animation=&#8221;fadeInUp&#8221;][\/vc_column][\/vc_row]<\/p>\n","protected":false},"excerpt":{"rendered":"<p>[vc_row][vc_column][vc_empty_space][\/vc_column][\/vc_row][vc_row][vc_column width=&#8221;1\/4&#8243;][vc_single_image image=&#8221;1424&#8243; img_size=&#8221;full&#8221; alignment=&#8221;center&#8221; css_animation=&#8221;fadeInUp&#8221;][vc_single_image image=&#8221;1466&#8243; img_size=&#8221;medium&#8221; alignment=&#8221;center&#8221; css_animation=&#8221;fadeInUp&#8221;][\/vc_column][vc_column width=&#8221;1\/2&#8243;][vc_column_text]Le contexte culturel pour une cuisine est important, int\u00e9ressant et incontournable. Je donne les cours de cuisine indienne, j\u2019adore les \u00e9pices et je suis une \u00e9crivaine. J&#8217;aime particuli\u00e8rement \u00e9crire et lire la fiction. Je suis fascin\u00e9 par les liens entre la cuisine et la culture. <a class=\"read-more\" href=\"https:\/\/www.veenago.com\/slurrrrp\/stories-3\/\">Read More<\/a><\/p>\n","protected":false},"author":1,"featured_media":0,"parent":0,"menu_order":0,"comment_status":"closed","ping_status":"closed","template":"","meta":{"footnotes":""},"class_list":["post-1432","page","type-page","status-publish","hentry"],"yoast_head":"<!-- This site is optimized with the Yoast SEO plugin v24.5 - https:\/\/yoast.com\/wordpress\/plugins\/seo\/ -->\n<title>Cuisine et culture - Miaaaam!<\/title>\n<meta name=\"robots\" content=\"index, follow, max-snippet:-1, max-image-preview:large, max-video-preview:-1\" \/>\n<link rel=\"canonical\" href=\"https:\/\/www.veenago.com\/slurrrrp\/stories-3\/\" \/>\n<meta property=\"og:locale\" content=\"en_US\" \/>\n<meta property=\"og:type\" content=\"article\" \/>\n<meta property=\"og:title\" content=\"Cuisine et culture - Miaaaam!\" \/>\n<meta property=\"og:description\" content=\"[vc_row][vc_column][vc_empty_space][\/vc_column][\/vc_row][vc_row][vc_column width=&#8221;1\/4&#8243;][vc_single_image image=&#8221;1424&#8243; img_size=&#8221;full&#8221; alignment=&#8221;center&#8221; css_animation=&#8221;fadeInUp&#8221;][vc_single_image image=&#8221;1466&#8243; img_size=&#8221;medium&#8221; alignment=&#8221;center&#8221; css_animation=&#8221;fadeInUp&#8221;][\/vc_column][vc_column width=&#8221;1\/2&#8243;][vc_column_text]Le contexte culturel pour une cuisine est important, int\u00e9ressant et incontournable. Je donne les cours de cuisine indienne, j\u2019adore les \u00e9pices et je suis une \u00e9crivaine. J&#8217;aime particuli\u00e8rement \u00e9crire et lire la fiction. Je suis fascin\u00e9 par les liens entre la cuisine et la culture. Read More\" \/>\n<meta property=\"og:url\" content=\"https:\/\/www.veenago.com\/slurrrrp\/stories-3\/\" \/>\n<meta property=\"og:site_name\" content=\"Miaaaam!\" \/>\n<meta property=\"article:publisher\" content=\"https:\/\/www.facebook.com\/indiancookingcourse\" \/>\n<meta property=\"article:modified_time\" content=\"2025-02-23T16:27:46+00:00\" \/>\n<meta name=\"twitter:card\" content=\"summary_large_image\" \/>\n<meta name=\"twitter:site\" content=\"@veenago\" \/>\n<meta name=\"twitter:label1\" content=\"Est. reading time\" \/>\n\t<meta name=\"twitter:data1\" content=\"2 minutes\" \/>\n<script type=\"application\/ld+json\" class=\"yoast-schema-graph\">{\"@context\":\"https:\/\/schema.org\",\"@graph\":[{\"@type\":\"WebPage\",\"@id\":\"https:\/\/www.veenago.com\/slurrrrp\/stories-3\/\",\"url\":\"https:\/\/www.veenago.com\/slurrrrp\/stories-3\/\",\"name\":\"Cuisine et culture - Miaaaam!\",\"isPartOf\":{\"@id\":\"https:\/\/www.veenago.com\/slurrrrp\/#website\"},\"datePublished\":\"2017-06-07T18:48:34+00:00\",\"dateModified\":\"2025-02-23T16:27:46+00:00\",\"breadcrumb\":{\"@id\":\"https:\/\/www.veenago.com\/slurrrrp\/stories-3\/#breadcrumb\"},\"inLanguage\":\"en-US\",\"potentialAction\":[{\"@type\":\"ReadAction\",\"target\":[\"https:\/\/www.veenago.com\/slurrrrp\/stories-3\/\"]}]},{\"@type\":\"BreadcrumbList\",\"@id\":\"https:\/\/www.veenago.com\/slurrrrp\/stories-3\/#breadcrumb\",\"itemListElement\":[{\"@type\":\"ListItem\",\"position\":1,\"name\":\"Home\",\"item\":\"https:\/\/www.veenago.com\/slurrrrp\/\"},{\"@type\":\"ListItem\",\"position\":2,\"name\":\"Cuisine et culture\"}]},{\"@type\":\"WebSite\",\"@id\":\"https:\/\/www.veenago.com\/slurrrrp\/#website\",\"url\":\"https:\/\/www.veenago.com\/slurrrrp\/\",\"name\":\"Miaaaam!\",\"description\":\"cours de cuisine indienne, v\u00e9g\u00e9tarienne et facile\",\"potentialAction\":[{\"@type\":\"SearchAction\",\"target\":{\"@type\":\"EntryPoint\",\"urlTemplate\":\"https:\/\/www.veenago.com\/slurrrrp\/?s={search_term_string}\"},\"query-input\":{\"@type\":\"PropertyValueSpecification\",\"valueRequired\":true,\"valueName\":\"search_term_string\"}}],\"inLanguage\":\"en-US\"}]}<\/script>\n<!-- \/ Yoast SEO plugin. -->","yoast_head_json":{"title":"Cuisine et culture - Miaaaam!","robots":{"index":"index","follow":"follow","max-snippet":"max-snippet:-1","max-image-preview":"max-image-preview:large","max-video-preview":"max-video-preview:-1"},"canonical":"https:\/\/www.veenago.com\/slurrrrp\/stories-3\/","og_locale":"en_US","og_type":"article","og_title":"Cuisine et culture - Miaaaam!","og_description":"[vc_row][vc_column][vc_empty_space][\/vc_column][\/vc_row][vc_row][vc_column width=&#8221;1\/4&#8243;][vc_single_image image=&#8221;1424&#8243; img_size=&#8221;full&#8221; alignment=&#8221;center&#8221; css_animation=&#8221;fadeInUp&#8221;][vc_single_image image=&#8221;1466&#8243; img_size=&#8221;medium&#8221; alignment=&#8221;center&#8221; css_animation=&#8221;fadeInUp&#8221;][\/vc_column][vc_column width=&#8221;1\/2&#8243;][vc_column_text]Le contexte culturel pour une cuisine est important, int\u00e9ressant et incontournable. Je donne les cours de cuisine indienne, j\u2019adore les \u00e9pices et je suis une \u00e9crivaine. J&#8217;aime particuli\u00e8rement \u00e9crire et lire la fiction. Je suis fascin\u00e9 par les liens entre la cuisine et la culture. Read More","og_url":"https:\/\/www.veenago.com\/slurrrrp\/stories-3\/","og_site_name":"Miaaaam!","article_publisher":"https:\/\/www.facebook.com\/indiancookingcourse","article_modified_time":"2025-02-23T16:27:46+00:00","twitter_card":"summary_large_image","twitter_site":"@veenago","twitter_misc":{"Est. reading time":"2 minutes"},"schema":{"@context":"https:\/\/schema.org","@graph":[{"@type":"WebPage","@id":"https:\/\/www.veenago.com\/slurrrrp\/stories-3\/","url":"https:\/\/www.veenago.com\/slurrrrp\/stories-3\/","name":"Cuisine et culture - Miaaaam!","isPartOf":{"@id":"https:\/\/www.veenago.com\/slurrrrp\/#website"},"datePublished":"2017-06-07T18:48:34+00:00","dateModified":"2025-02-23T16:27:46+00:00","breadcrumb":{"@id":"https:\/\/www.veenago.com\/slurrrrp\/stories-3\/#breadcrumb"},"inLanguage":"en-US","potentialAction":[{"@type":"ReadAction","target":["https:\/\/www.veenago.com\/slurrrrp\/stories-3\/"]}]},{"@type":"BreadcrumbList","@id":"https:\/\/www.veenago.com\/slurrrrp\/stories-3\/#breadcrumb","itemListElement":[{"@type":"ListItem","position":1,"name":"Home","item":"https:\/\/www.veenago.com\/slurrrrp\/"},{"@type":"ListItem","position":2,"name":"Cuisine et culture"}]},{"@type":"WebSite","@id":"https:\/\/www.veenago.com\/slurrrrp\/#website","url":"https:\/\/www.veenago.com\/slurrrrp\/","name":"Miaaaam!","description":"cours de cuisine indienne, v\u00e9g\u00e9tarienne et facile","potentialAction":[{"@type":"SearchAction","target":{"@type":"EntryPoint","urlTemplate":"https:\/\/www.veenago.com\/slurrrrp\/?s={search_term_string}"},"query-input":{"@type":"PropertyValueSpecification","valueRequired":true,"valueName":"search_term_string"}}],"inLanguage":"en-US"}]}},"_links":{"self":[{"href":"https:\/\/www.veenago.com\/slurrrrp\/wp-json\/wp\/v2\/pages\/1432","targetHints":{"allow":["GET"]}}],"collection":[{"href":"https:\/\/www.veenago.com\/slurrrrp\/wp-json\/wp\/v2\/pages"}],"about":[{"href":"https:\/\/www.veenago.com\/slurrrrp\/wp-json\/wp\/v2\/types\/page"}],"author":[{"embeddable":true,"href":"https:\/\/www.veenago.com\/slurrrrp\/wp-json\/wp\/v2\/users\/1"}],"replies":[{"embeddable":true,"href":"https:\/\/www.veenago.com\/slurrrrp\/wp-json\/wp\/v2\/comments?post=1432"}],"version-history":[{"count":6,"href":"https:\/\/www.veenago.com\/slurrrrp\/wp-json\/wp\/v2\/pages\/1432\/revisions"}],"predecessor-version":[{"id":2158,"href":"https:\/\/www.veenago.com\/slurrrrp\/wp-json\/wp\/v2\/pages\/1432\/revisions\/2158"}],"wp:attachment":[{"href":"https:\/\/www.veenago.com\/slurrrrp\/wp-json\/wp\/v2\/media?parent=1432"}],"curies":[{"name":"wp","href":"https:\/\/api.w.org\/{rel}","templated":true}]}}