{"id":1429,"date":"2015-07-21T16:27:09","date_gmt":"2015-07-21T20:27:09","guid":{"rendered":"http:\/\/www.veenago.com\/slurrrrp\/hello-bonjour-namaste\/"},"modified":"2025-02-23T11:46:47","modified_gmt":"2025-02-23T16:46:47","slug":"hello-bonjour-namaste-2-2","status":"publish","type":"page","link":"https:\/\/www.veenago.com\/slurrrrp\/fr\/","title":{"rendered":"Accueil"},"content":{"rendered":"<p>[vc_row][vc_column][vc_empty_space][fancy_heading h1=&#8221;0&#8243; icon=&#8221;&#8221; title=&#8221; Cours de cuisine indienne en ligne&#8221;]<\/p>\n<div style=\"color: #6b7a6b !important;\">\n<p>Suivez un cours de cuisine indienne personnalis\u00e9, priv\u00e9 et en ligne en temps r\u00e9el&nbsp;! 2 ou 3 heures, selon votre pr\u00e9f\u00e9rence. D\u00e9monstrations des plats \u00e9galement possibles. Et vous avez la possibilit\u00e9 unique de d\u00e9finir <a href=\"https:\/\/www.veenago.com\/slurrrrp\/fr\/menus\/\">votre propre menu<\/a>.<\/p>\n<p>Acc\u00e9dez directement aux <a href=\"https:\/\/www.veenago.com\/slurrrrp\/fr\/details-cours-en-ligne\/\">d\u00e9tails du cours<\/a>.<\/p>\n<p>Apprenez \u00e0 cuisiner des recettes d\u00e9licieuses, faciles, saines, indiennes, v\u00e9g\u00e9tariennes* qui vient partout de l&#8217;Inde dans une ambiance conviviale. Miaaaam&nbsp;! Cours en fran\u00e7ais, anglais ou bilingue\/bilingue.<\/p>\n<p>Aimez Slurrrrp! Miaaaam! sur<a href=\"https:\/\/www.facebook.com\/indiancookingcourse\"> Facebook<\/a> pour obtenir des mises \u00e0 jour et en savoir plus sur la cuisine indienne.&nbsp;Et regardez <a href=\"https:\/\/www.facebook.com\/indiancookingcourse\/reviews\/?ref=page_internal\">des commentaires<\/a> des autres clients.<\/p>\n<\/div>\n<p>[\/fancy_heading][\/vc_column][\/vc_row][vc_row][vc_column width=&#8221;1\/4&#8243;][vc_single_image image=&#8221;1341&#8243; img_size=&#8221;medium&#8221; alignment=&#8221;center&#8221; css_animation=&#8221;fadeInUp&#8221;][vc_single_image image=&#8221;1607&#8243; img_size=&#8221;medium&#8221; alignment=&#8221;center&#8221; css_animation=&#8221;fadeInUp&#8221;][vc_single_image image=&#8221;1548&#8243; img_size=&#8221;medium&#8221; alignment=&#8221;center&#8221; css_animation=&#8221;fadeInUp&#8221;][\/vc_column][vc_column width=&#8221;1\/2&#8243;][info_box]<\/p>\n<ul>\n<li>La cuisine indienne vous tente, mais vous ne savez pas par quel bout commencer?<\/li>\n<li>Vous r\u00eavez d&#8217;une cuisine indienne plus saine? Moins d&#8217;huile et de piment? Des desserts moins sucr\u00e9s?<\/li>\n<li>Cherchez-vous pour un <a href=\"\/slurrrrp?page_id=1136\">cadeau unique <\/a> (oui, un cours de cuisine indienne!) ou voulez-vous cuisiner avec vos proches pour c\u00e9l\u00e9brer une occasion?<\/li>\n<\/ul>\n<p>[\/info_box][vc_column_text]<\/p>\n<p>Je m&#8217;appelle Veena. Je suis n\u00e9 dans une tradition v\u00e9g\u00e9tarienne en Inde. Ma mission depuis 2015&nbsp;: qu&#8217;il soit facile et agr\u00e9able pour les gens de cuisiner <a href=\"https:\/\/photos.google.com\/share\/AF1QipPY24yRJ9d3lbcOPyK2UWoxXPQ4kponHJI_ulEfOayW8sHRQxy_-l0gbN_x6LBLSw?key=RENGanNqVTJfZ3VzRHBMaTFSMWNxLU4ycGhVVkJB\">des plats indiens<\/a> avec des l\u00e9gumes, des lentilles, des haricots, des noix, d&#8217;autres ingr\u00e9dients \u00e0 base de plantes, des produits laitiers quelques fois et des \u00c9PICES&nbsp;! J&#8217;inclus des recettes des cuisines r\u00e9gionales dans mes cours. Il y a des nombreuses options v\u00e9g\u00e9taliennes, sans gluten, etc \u00e9tant donn\u00e9 l&#8217;incroyable vari\u00e9t\u00e9 de la cuisine indienne. J&#8217;enseigne de cuisine de la rue indienne aussi !<\/p>\n<p>*V\u00e9g\u00e9tarien ne signifie pas manquer du poulet au beurre, du Vindaloo, du Korma, des caris avec la noix de coco du sud de l&#8217;Inde, etc. Vous pouvez apprendre \u00e0 faire les sauces, puis vous pouvez ajouter de la viande ou des l\u00e9gumes lorsque vous pr\u00e9parez ces caris.<\/p>\n<p>J&#8217;ai donn\u00e9 des cours physiques dans des \u00e9coles de cuisine comme Provigo, Chef en Vous, etc \u00e0 Montr\u00e9al, et parfois dans d&#8217;autres villes. J&#8217;ai aussi donn\u00e9 des cours priv\u00e9s \u00e0 mon appartement \u00e0 Montr\u00e9al et dans les maisons, les bureaux, les espaces communautaires, en fait, n&#8217;importe o\u00f9 avec une cuisine.<\/p>\n<p>Maintenant, tout cela continue en ligne. C&#8217;est amusant de cuisiner avec des ami(e)s, la famille, des coll\u00e8gues, pas seulement dans votre ville, mais d&#8217;autres villes ou d&#8217;autres pays. Incroyable! &nbsp;Voici des d\u00e9tails\u2026<\/p>\n<p>Contact&nbsp;: courriel&nbsp;: Ph&nbsp;: (1) 514-839-8264.<\/p>\n<p>Je h\u00e2te de vous rencontrer. Namaste&nbsp;!<\/p>\n<p>*(V\u00e9g\u00e9tarien indien = non seulement pas de viande, mais pas d&#8217;oeufs ni de poisson.)<\/p>\n<p>[\/vc_column_text][\/vc_column][vc_column width=&#8221;1\/4&#8243;][vc_single_image image=&#8221;1289&#8243; img_size=&#8221;medium&#8221; alignment=&#8221;center&#8221; css_animation=&#8221;fadeInUp&#8221;][vc_single_image image=&#8221;1290&#8243; img_size=&#8221;medium&#8221; alignment=&#8221;center&#8221; css_animation=&#8221;fadeInUp&#8221;][vc_single_image image=&#8221;1291&#8243; img_size=&#8221;medium&#8221; alignment=&#8221;center&#8221; css_animation=&#8221;fadeInUp&#8221;][\/vc_column][\/vc_row]<\/p>\n","protected":false},"excerpt":{"rendered":"<p>[vc_row][vc_column][vc_empty_space][fancy_heading h1=&#8221;0&#8243; icon=&#8221;&#8221; title=&#8221; Cours de cuisine indienne en ligne&#8221;] Suivez un cours de cuisine indienne personnalis\u00e9, priv\u00e9 et en ligne en temps r\u00e9el&nbsp;! 2 ou 3 heures, selon votre pr\u00e9f\u00e9rence. D\u00e9monstrations des plats \u00e9galement possibles. Et vous avez la possibilit\u00e9 unique de d\u00e9finir votre propre menu. Acc\u00e9dez directement aux d\u00e9tails du cours. Apprenez \u00e0 <a class=\"read-more\" href=\"https:\/\/www.veenago.com\/slurrrrp\/fr\/\">Read More<\/a><\/p>\n","protected":false},"author":1,"featured_media":0,"parent":0,"menu_order":0,"comment_status":"open","ping_status":"closed","template":"","meta":{"footnotes":""},"class_list":["post-1429","page","type-page","status-publish","hentry"],"yoast_head":"<!-- This site is optimized with the Yoast SEO plugin v24.5 - https:\/\/yoast.com\/wordpress\/plugins\/seo\/ -->\n<title>Accueil - Miaaaam!<\/title>\n<meta name=\"description\" content=\"Apprenez \u00e0 cuisiner des recettes indiennes d\u00e9licieuses, faciles, saines et v\u00e9g\u00e9tariennes \u00e0 Montr\u00e9al. Miaaaam! Les cours sont conviviaux et disponibles en anglais ou en fran\u00e7ais.\" \/>\n<meta name=\"robots\" content=\"index, follow, max-snippet:-1, max-image-preview:large, max-video-preview:-1\" \/>\n<link rel=\"canonical\" href=\"https:\/\/www.veenago.com\/slurrrrp\/fr\/\" \/>\n<meta property=\"og:locale\" content=\"en_US\" \/>\n<meta property=\"og:type\" content=\"article\" \/>\n<meta property=\"og:title\" content=\"Accueil - Miaaaam!\" \/>\n<meta property=\"og:description\" content=\"Apprenez \u00e0 cuisiner des recettes indiennes d\u00e9licieuses, faciles, saines et v\u00e9g\u00e9tariennes \u00e0 Montr\u00e9al. Miaaaam! Les cours sont conviviaux et disponibles en anglais ou en fran\u00e7ais.\" \/>\n<meta property=\"og:url\" content=\"https:\/\/www.veenago.com\/slurrrrp\/fr\/\" \/>\n<meta property=\"og:site_name\" content=\"Miaaaam!\" \/>\n<meta property=\"article:publisher\" content=\"https:\/\/www.facebook.com\/indiancookingcourse\" \/>\n<meta property=\"article:modified_time\" content=\"2025-02-23T16:46:47+00:00\" \/>\n<meta name=\"twitter:card\" content=\"summary_large_image\" \/>\n<meta name=\"twitter:site\" content=\"@veenago\" \/>\n<meta name=\"twitter:label1\" content=\"Est. reading time\" \/>\n\t<meta name=\"twitter:data1\" content=\"2 minutes\" \/>\n<script type=\"application\/ld+json\" class=\"yoast-schema-graph\">{\"@context\":\"https:\/\/schema.org\",\"@graph\":[{\"@type\":\"WebPage\",\"@id\":\"https:\/\/www.veenago.com\/slurrrrp\/fr\/\",\"url\":\"https:\/\/www.veenago.com\/slurrrrp\/fr\/\",\"name\":\"Accueil - Miaaaam!\",\"isPartOf\":{\"@id\":\"https:\/\/www.veenago.com\/slurrrrp\/#website\"},\"datePublished\":\"2015-07-21T20:27:09+00:00\",\"dateModified\":\"2025-02-23T16:46:47+00:00\",\"description\":\"Apprenez \u00e0 cuisiner des recettes indiennes d\u00e9licieuses, faciles, saines et v\u00e9g\u00e9tariennes \u00e0 Montr\u00e9al. Miaaaam! Les cours sont conviviaux et disponibles en anglais ou en fran\u00e7ais.\",\"breadcrumb\":{\"@id\":\"https:\/\/www.veenago.com\/slurrrrp\/fr\/#breadcrumb\"},\"inLanguage\":\"en-US\",\"potentialAction\":[{\"@type\":\"ReadAction\",\"target\":[\"https:\/\/www.veenago.com\/slurrrrp\/fr\/\"]}]},{\"@type\":\"BreadcrumbList\",\"@id\":\"https:\/\/www.veenago.com\/slurrrrp\/fr\/#breadcrumb\",\"itemListElement\":[{\"@type\":\"ListItem\",\"position\":1,\"name\":\"Home\",\"item\":\"https:\/\/www.veenago.com\/slurrrrp\/\"},{\"@type\":\"ListItem\",\"position\":2,\"name\":\"Accueil\"}]},{\"@type\":\"WebSite\",\"@id\":\"https:\/\/www.veenago.com\/slurrrrp\/#website\",\"url\":\"https:\/\/www.veenago.com\/slurrrrp\/\",\"name\":\"Miaaaam!\",\"description\":\"cours de cuisine indienne, v\u00e9g\u00e9tarienne et facile\",\"potentialAction\":[{\"@type\":\"SearchAction\",\"target\":{\"@type\":\"EntryPoint\",\"urlTemplate\":\"https:\/\/www.veenago.com\/slurrrrp\/?s={search_term_string}\"},\"query-input\":{\"@type\":\"PropertyValueSpecification\",\"valueRequired\":true,\"valueName\":\"search_term_string\"}}],\"inLanguage\":\"en-US\"}]}<\/script>\n<!-- \/ Yoast SEO plugin. -->","yoast_head_json":{"title":"Accueil - Miaaaam!","description":"Apprenez \u00e0 cuisiner des recettes indiennes d\u00e9licieuses, faciles, saines et v\u00e9g\u00e9tariennes \u00e0 Montr\u00e9al. Miaaaam! Les cours sont conviviaux et disponibles en anglais ou en fran\u00e7ais.","robots":{"index":"index","follow":"follow","max-snippet":"max-snippet:-1","max-image-preview":"max-image-preview:large","max-video-preview":"max-video-preview:-1"},"canonical":"https:\/\/www.veenago.com\/slurrrrp\/fr\/","og_locale":"en_US","og_type":"article","og_title":"Accueil - Miaaaam!","og_description":"Apprenez \u00e0 cuisiner des recettes indiennes d\u00e9licieuses, faciles, saines et v\u00e9g\u00e9tariennes \u00e0 Montr\u00e9al. Miaaaam! Les cours sont conviviaux et disponibles en anglais ou en fran\u00e7ais.","og_url":"https:\/\/www.veenago.com\/slurrrrp\/fr\/","og_site_name":"Miaaaam!","article_publisher":"https:\/\/www.facebook.com\/indiancookingcourse","article_modified_time":"2025-02-23T16:46:47+00:00","twitter_card":"summary_large_image","twitter_site":"@veenago","twitter_misc":{"Est. reading time":"2 minutes"},"schema":{"@context":"https:\/\/schema.org","@graph":[{"@type":"WebPage","@id":"https:\/\/www.veenago.com\/slurrrrp\/fr\/","url":"https:\/\/www.veenago.com\/slurrrrp\/fr\/","name":"Accueil - Miaaaam!","isPartOf":{"@id":"https:\/\/www.veenago.com\/slurrrrp\/#website"},"datePublished":"2015-07-21T20:27:09+00:00","dateModified":"2025-02-23T16:46:47+00:00","description":"Apprenez \u00e0 cuisiner des recettes indiennes d\u00e9licieuses, faciles, saines et v\u00e9g\u00e9tariennes \u00e0 Montr\u00e9al. Miaaaam! Les cours sont conviviaux et disponibles en anglais ou en fran\u00e7ais.","breadcrumb":{"@id":"https:\/\/www.veenago.com\/slurrrrp\/fr\/#breadcrumb"},"inLanguage":"en-US","potentialAction":[{"@type":"ReadAction","target":["https:\/\/www.veenago.com\/slurrrrp\/fr\/"]}]},{"@type":"BreadcrumbList","@id":"https:\/\/www.veenago.com\/slurrrrp\/fr\/#breadcrumb","itemListElement":[{"@type":"ListItem","position":1,"name":"Home","item":"https:\/\/www.veenago.com\/slurrrrp\/"},{"@type":"ListItem","position":2,"name":"Accueil"}]},{"@type":"WebSite","@id":"https:\/\/www.veenago.com\/slurrrrp\/#website","url":"https:\/\/www.veenago.com\/slurrrrp\/","name":"Miaaaam!","description":"cours de cuisine indienne, v\u00e9g\u00e9tarienne et facile","potentialAction":[{"@type":"SearchAction","target":{"@type":"EntryPoint","urlTemplate":"https:\/\/www.veenago.com\/slurrrrp\/?s={search_term_string}"},"query-input":{"@type":"PropertyValueSpecification","valueRequired":true,"valueName":"search_term_string"}}],"inLanguage":"en-US"}]}},"_links":{"self":[{"href":"https:\/\/www.veenago.com\/slurrrrp\/wp-json\/wp\/v2\/pages\/1429","targetHints":{"allow":["GET"]}}],"collection":[{"href":"https:\/\/www.veenago.com\/slurrrrp\/wp-json\/wp\/v2\/pages"}],"about":[{"href":"https:\/\/www.veenago.com\/slurrrrp\/wp-json\/wp\/v2\/types\/page"}],"author":[{"embeddable":true,"href":"https:\/\/www.veenago.com\/slurrrrp\/wp-json\/wp\/v2\/users\/1"}],"replies":[{"embeddable":true,"href":"https:\/\/www.veenago.com\/slurrrrp\/wp-json\/wp\/v2\/comments?post=1429"}],"version-history":[{"count":29,"href":"https:\/\/www.veenago.com\/slurrrrp\/wp-json\/wp\/v2\/pages\/1429\/revisions"}],"predecessor-version":[{"id":2742,"href":"https:\/\/www.veenago.com\/slurrrrp\/wp-json\/wp\/v2\/pages\/1429\/revisions\/2742"}],"wp:attachment":[{"href":"https:\/\/www.veenago.com\/slurrrrp\/wp-json\/wp\/v2\/media?parent=1429"}],"curies":[{"name":"wp","href":"https:\/\/api.w.org\/{rel}","templated":true}]}}